{"id":17470,"date":"2017-11-14T20:19:20","date_gmt":"2017-11-14T18:19:20","guid":{"rendered":"https:\/\/hotel-heinz.de\/shop\/?page_id=17470"},"modified":"2017-11-14T20:19:20","modified_gmt":"2017-11-14T18:19:20","slug":"impressum","status":"publish","type":"page","link":"https:\/\/hotel-heinz.de\/shop\/impressum\/","title":{"rendered":"Impressum"},"content":{"rendered":"<p>Hotel Heinz GmbH<br \/>Bergstra\u00dfe 77<br \/>56203 H\u00f6hr-Grenzhausen<br \/>Tel.: 026249430-0<br \/>Fax: 026249430-800<br \/><a href=\"mailto:info@hotel-heinz.de\">info@hotel-heinz.de<\/a><\/p>\n<p>Amtsgericht Montabaur HRB3538<br \/>Verantwortlicher Gesch\u00e4ftsf\u00fchrer<br \/> Peter Heinz<br \/>Ust-IdNr: DE 811806794<\/p>\n<p><a title=\"Allgemeine Gesch\u00e4ftsbedingungen\" href=\"http:\/\/hotel-heinz.de\/agb\/\">Allgemeine Gesch\u00e4ftsbedingungen<\/a><\/p>\n<p>_______________________________________________________________<\/p>\n<p>Information nach TDG \u00a76 AGB<\/p>\n<p>Konzept und Realisierung der Website<br \/>Deguto Werbeagentur GmbH<br \/>Bergstra\u00dfe 75<br \/>56203 H\u00f6hr-Grenzhausen<br \/>Tel.: 02624945023<br \/>E-Mail: kontakt (at) deguto.de<\/p>\n<p>Registergericht Montabaur HRB3300<br \/>Verantwortlicher Gesch\u00e4ftsf\u00fchrer Peter Heinz<br \/>Ust-IdNr DE 160263233<br \/>Gerichtsstand ist Montabaur<\/p>\n<p><span style=\"text-decoration: underline;\">Haftungsausschluss<\/span><\/p>\n<p>a)  Inhalt des Onlineangebotes<br \/>Der Autor \u00fcbernimmt keinerlei Gew\u00e4hr f\u00fcr die Aktualit\u00e4t, Korrektheit, Vollst\u00e4ndigkeit oder Qualit\u00e4t der bereitgestellten Informationen. Haftungsanspr\u00fcche gegen den Autor, welche sich auf Sch\u00e4den materieller oder ideeller Art beziehen, die durch die Nutzung oder Nichtnutzung der dargebotenen Informationen bzw. durch die Nutzung fehlerhafter und unvollst\u00e4ndiger Informationen verursacht wurden, sind grunds\u00e4tzlich ausgeschlossen, sofern seitens des Autors kein nachweislich vors\u00e4tzliches oder grob fahrl\u00e4ssiges Verschulden vorliegt.<br \/>Alle Angebote sind freibleibend und unverbindlich. Der Autor beh\u00e4lt es sich ausdr\u00fccklich vor, Teile der Seiten oder das gesamte Angebot ohne gesonderte Ank\u00fcndigung zu ver\u00e4ndern, zu erg\u00e4nzen, zu l\u00f6schen oder die Ver\u00f6ffentlichung zeitweise oder endg\u00fcltig einzustellen.<\/p>\n<p>b) Verweise und LinksnBei direkten oder indirekten Verweisen auf fremde Webseiten (Hyperlinks), die au\u00dferhalb des Verantwortungsbereiches des Autors liegen, w\u00fcrde eine Haftungsverpflichtung ausschlie\u00dflich in dem Fall in Kraft treten, in dem der Autor von den Inhalten Kenntnis hat und es ihm technisch m\u00f6glich und zumutbar w\u00e4re, die Nutzung im Falle rechtswidriger Inhalte zu verhindern.<br \/>nDer Autor erkl\u00e4rt hiermit ausdr\u00fccklich, dass zum Zeitpunkt der Linksetzung keine illegalen Inhalte auf den zu verlinkenden Seiten erkennbar waren. Auf die aktuelle und zuk\u00fcnftige Gestaltung, die Inhalte oder die Urheberschaft der verlinkten &amp; verkn\u00fcpften Seiten hat der Autor keinerlei Einfluss. Deshalb distanziert er sich hiermit ausdr\u00fccklich von allen Inhalten aller verlinkten &amp; verkn\u00fcpften Seiten, die nach der Linksetzung ver\u00e4ndert wurden. Diese Feststellung gilt f\u00fcr alle innerhalb des eigenen Internetangebotes gesetzten Links und Verweise sowie f\u00fcr Fremdeintr\u00e4ge in vom Autor eingerichteten G\u00e4steb\u00fcchern, Diskussionsforen, Linkverzeichnissen, Mailinglisten und in allen anderen Formen von Datenbanken, auf deren Inhalt externe Schreibzugriffe m\u00f6glich sind. F\u00fcr illegale, fehlerhafte oder unvollst\u00e4ndige Inhalte und insbesondere f\u00fcr Sch\u00e4den, die aus der Nutzung oder Nichtnutzung solcherart dargebotener Informationen entstehen, haftet allein der Anbieter der Seite, auf welche verwiesen wurde, nicht derjenige, der \u00fcber Links auf die jeweilige Ver\u00f6ffentlichung lediglich verweist.<\/p>\n<p>c) Urheber- und Kennzeichenrecht<br \/>Der Autor ist bestrebt, in allen Publikationen die Urheberrechte der verwendeten Bilder, Grafiken, Tondokumente, Videosequenzen und Texte zu beachten, von ihm selbst erstellte Bilder, Grafiken, Tondokumente, Videosequenzen und Texte zu nutzen oder auf lizenzfreie Grafiken, Tondokumente, Videosequenzen und Texte zur\u00fcckzugreifen.nAlle innerhalb des Internetangebotes genannten und ggf. durch Dritte gesch\u00fctzten Marken- und Warenzeichen unterliegen uneingeschr\u00e4nkt den Bestimmungen des jeweils g\u00fcltigen Kennzeichenrechts und den Besitzrechten der jeweiligen eingetragenen Eigent\u00fcmer. Allein aufgrund der blo\u00dfen Nennung ist nicht der Schluss zu ziehen, dass Markenzeichen nicht durch Rechte Dritter gesch\u00fctzt sind!nDas Copyright f\u00fcr ver\u00f6ffentlichte, vom Autor selbst erstellte Objekte bleibt allein beim Autor der Seiten. Eine Vervielf\u00e4ltigung oder Verwendung solcher Grafiken, Tondokumente, Videosequenzen und Texte in anderen elektronischen oder gedruckten Publikationen ist ohne ausdr\u00fcckliche Zustimmung des Autors nicht gestattet.<\/p>\n<p>d) Datenschutz<br \/>Sofern innerhalb des Internetangebotes die M\u00f6glichkeit zur Eingabe pers\u00f6nlicher oder gesch\u00e4ftlicher Daten (Emailadressen, Namen, Anschriften) besteht, so erfolgt die Preisgabe dieser Daten seitens des Nutzers auf ausdr\u00fccklich freiwilliger Basis. Diese durch den Benutzer preisgegebenen Daten werden ohne weitere Einwilligung nur zur Bearbeitung der vom Benutzer gemachten Eingabe genutzt und nicht an Dritte weitergegeben. Die Nutzung der im Rahmen des Impressums oder vergleichbarer Angaben ver\u00f6ffentlichten Kontaktdaten wie Postanschriften, Telefon- und Faxnummern sowie Emailadressen durch Dritte zur \u00fcbersendung von nicht ausdr\u00fccklich angeforderten Informationen ist nicht gestattet. Rechtliche Schritte gegen die Versender von sogenannten Spam-Mails bei Verst\u00f6\u00dfen gegen dieses Verbot sind ausdr\u00fccklich vorbehalten.<\/p>\n<p>e) Google Adsense &amp; Google Analytics<br \/>Dieses Internetangebot setzt Google Analytics &#8211; ebenfalls von der Firma Google Inc., USA &#8211; zur Benutzerzahlenermittlung ein. Es kann daher zur Speicherung von Cookies von Google Inc. oder Dritten durch den Browser des Benutzers kommen. Zur Erfassung vom Besucherverhalten kann es des Weiteren zum Einsatz von Web Beacons kommen. Dabei werden verschiedene Daten (wie Datum und Uhrzeit des Besuchs, IP des verwendeten PC&#8217;s und der Referallink) erfasst und gespeichert. Die so erfassten Daten k\u00f6nnen dann durch Google Inc. oder autorisierten Dritten ausgelesen werden und werden auch f\u00fcr den Betreiber des Internetangebots in Reports \u00fcber die Websitenutzung zusammengefasst.<\/p>\n<p>Dem Benutzer steht frei Ma\u00dfnahmen durch entsprechende Ma\u00dfnahmen die Erfassung zu verhindern. Eine Einschr\u00e4nkung der Funktionen des Internetangebots dadurch kann allerdings dann nicht ausgeschlossen werden.<\/p>\n<p>f) Rechtswirksamkeit dieses Haftungsausschlusses<br \/>Dieser Haftungsausschluss ist als Teil des Internetangebotes zu betrachten, von dem aus auf diese Seite verwiesen wurde. Sofern Teile oder einzelne Formulierungen dieses Textes der geltenden Rechtslage nicht, nicht mehr oder nicht vollst\u00e4ndig entsprechen sollten, bleiben die \u00fcbrigen Teile des Dokumentes in ihrem Inhalt und ihrer G\u00fcltigkeit davon unber\u00fchrt.<\/p>\n","protected":false},"excerpt":{"rendered":"<p>Hotel Heinz GmbHBergstra\u00dfe 7756203 H\u00f6hr-GrenzhausenTel.: 026249430-0Fax: 026249430-800info@hotel-heinz.de Amtsgericht Montabaur HRB3538Verantwortlicher Gesch\u00e4ftsf\u00fchrer Peter HeinzUst-IdNr: DE 811806794 Allgemeine Gesch\u00e4ftsbedingungen _______________________________________________________________ Information nach TDG \u00a76 AGB Konzept und Realisierung der WebsiteDeguto Werbeagentur GmbHBergstra\u00dfe 7556203 H\u00f6hr-GrenzhausenTel.: 02624945023E-Mail: kontakt (at) deguto.de Registergericht Montabaur HRB3300Verantwortlicher Gesch\u00e4ftsf\u00fchrer Peter HeinzUst-IdNr DE 160263233Gerichtsstand ist Montabaur Haftungsausschluss a) Inhalt des OnlineangebotesDer Autor \u00fcbernimmt keinerlei Gew\u00e4hr [&hellip;]<\/p>\n","protected":false},"author":1,"featured_media":0,"parent":0,"menu_order":0,"comment_status":"closed","ping_status":"closed","template":"","meta":{"footnotes":""},"class_list":["post-17470","page","type-page","status-publish","hentry"],"_links":{"self":[{"href":"https:\/\/hotel-heinz.de\/shop\/wp-json\/wp\/v2\/pages\/17470","targetHints":{"allow":["GET"]}}],"collection":[{"href":"https:\/\/hotel-heinz.de\/shop\/wp-json\/wp\/v2\/pages"}],"about":[{"href":"https:\/\/hotel-heinz.de\/shop\/wp-json\/wp\/v2\/types\/page"}],"author":[{"embeddable":true,"href":"https:\/\/hotel-heinz.de\/shop\/wp-json\/wp\/v2\/users\/1"}],"replies":[{"embeddable":true,"href":"https:\/\/hotel-heinz.de\/shop\/wp-json\/wp\/v2\/comments?post=17470"}],"version-history":[{"count":1,"href":"https:\/\/hotel-heinz.de\/shop\/wp-json\/wp\/v2\/pages\/17470\/revisions"}],"predecessor-version":[{"id":17471,"href":"https:\/\/hotel-heinz.de\/shop\/wp-json\/wp\/v2\/pages\/17470\/revisions\/17471"}],"wp:attachment":[{"href":"https:\/\/hotel-heinz.de\/shop\/wp-json\/wp\/v2\/media?parent=17470"}],"curies":[{"name":"wp","href":"https:\/\/api.w.org\/{rel}","templated":true}]}}