{"id":10079,"date":"2013-10-31T15:06:53","date_gmt":"2013-10-31T14:06:53","guid":{"rendered":"http:\/\/hotel-heinz.de\/?post_type=products&#038;p=10079"},"modified":"2026-02-18T14:29:32","modified_gmt":"2026-02-18T13:29:32","slug":"basaltstein-massage","status":"publish","type":"product","link":"https:\/\/hotel-heinz.de\/shop\/produkt\/basaltstein-massage\/","title":{"rendered":"Basaltstein-Massage"},"content":{"rendered":"<p align=\"left\">Erleben Sie tiefe Entspannung und Beruhigung bei einer exklusiven Ganzk\u00f6rpermassage mit individuell f\u00fcr uns geschliffenen Basaltsteinen aus dem Westerwald. Duftende Kr\u00e4uter-\u00d6le und die intensive W\u00e4rme der weichen Basaltsteine verbinden sich mit sanft streichenden Massage-Griffen sowie einer Druckpunkt-Massage zu diesem wohlig-warmen Westerwald-Erlebnis!<strong><br \/>\n<\/strong>Ganzk\u00f6rper (ca. 65 Min.)<\/p>\n<p align=\"left\"><strong>\u00a0<\/strong><\/p>\n","protected":false},"excerpt":{"rendered":"<p>Unser Klassiker aus der Region! Westerw\u00e4lder Basaltsteine und duftende Kr\u00e4uter-\u00d6le kombiniert zu wunderbaren Wohlf\u00fchl-Momenten.<\/p>\n","protected":false},"featured_media":30056,"template":"","meta":[],"product_brand":[],"product_cat":[38],"product_tag":[],"class_list":{"0":"post-10079","1":"product","2":"type-product","3":"status-publish","4":"has-post-thumbnail","6":"product_cat-wellness-gutscheine","8":"first","9":"instock","10":"taxable","11":"shipping-taxable","12":"purchasable","13":"product-type-simple"},"_links":{"self":[{"href":"https:\/\/hotel-heinz.de\/shop\/wp-json\/wp\/v2\/product\/10079","targetHints":{"allow":["GET"]}}],"collection":[{"href":"https:\/\/hotel-heinz.de\/shop\/wp-json\/wp\/v2\/product"}],"about":[{"href":"https:\/\/hotel-heinz.de\/shop\/wp-json\/wp\/v2\/types\/product"}],"wp:featuredmedia":[{"embeddable":true,"href":"https:\/\/hotel-heinz.de\/shop\/wp-json\/wp\/v2\/media\/30056"}],"wp:attachment":[{"href":"https:\/\/hotel-heinz.de\/shop\/wp-json\/wp\/v2\/media?parent=10079"}],"wp:term":[{"taxonomy":"product_brand","embeddable":true,"href":"https:\/\/hotel-heinz.de\/shop\/wp-json\/wp\/v2\/product_brand?post=10079"},{"taxonomy":"product_cat","embeddable":true,"href":"https:\/\/hotel-heinz.de\/shop\/wp-json\/wp\/v2\/product_cat?post=10079"},{"taxonomy":"product_tag","embeddable":true,"href":"https:\/\/hotel-heinz.de\/shop\/wp-json\/wp\/v2\/product_tag?post=10079"}],"curies":[{"name":"wp","href":"https:\/\/api.w.org\/{rel}","templated":true}]}}