{"id":10168,"date":"2013-11-07T19:50:44","date_gmt":"2013-11-07T18:50:44","guid":{"rendered":"http:\/\/hotel-heinz.de\/?post_type=products&#038;p=10168"},"modified":"2026-02-18T14:29:07","modified_gmt":"2026-02-18T13:29:07","slug":"chakra-massage","status":"publish","type":"product","link":"https:\/\/hotel-heinz.de\/shop\/produkt\/chakra-massage\/","title":{"rendered":"Aura-Soma Chakra-Massage"},"content":{"rendered":"<p align=\"left\">Eine sanfte Entspannungsmassage, die ausgleichend auf K\u00f6rper, Geist und Seele wirkt. Die sieben Hauptchakren des K\u00f6rpers werden in einem Zusammenspiel von abgestimmten Aura-Soma Farb\u00f6len, Edelsteinen und D\u00fcften mit sanft-kreisenden Ber\u00fchrungen harmonisiert und energetisiert. (ca. 85 Min.)<\/p>\n","protected":false},"excerpt":{"rendered":"<p>Eine sanfte Entspannungsmassage mit abgestimmten Aura-Soma Farb\u00f6len f\u00fcr die\u00a0sieben Hauptchakren des K\u00f6rpers.<\/p>\n","protected":false},"featured_media":17324,"template":"","meta":[],"product_brand":[],"product_cat":[38],"product_tag":[76],"class_list":{"0":"post-10168","1":"product","2":"type-product","3":"status-publish","4":"has-post-thumbnail","6":"product_cat-wellness-gutscheine","7":"product_tag-babymoon","9":"first","10":"instock","11":"taxable","12":"shipping-taxable","13":"purchasable","14":"product-type-simple"},"_links":{"self":[{"href":"https:\/\/hotel-heinz.de\/shop\/wp-json\/wp\/v2\/product\/10168","targetHints":{"allow":["GET"]}}],"collection":[{"href":"https:\/\/hotel-heinz.de\/shop\/wp-json\/wp\/v2\/product"}],"about":[{"href":"https:\/\/hotel-heinz.de\/shop\/wp-json\/wp\/v2\/types\/product"}],"wp:featuredmedia":[{"embeddable":true,"href":"https:\/\/hotel-heinz.de\/shop\/wp-json\/wp\/v2\/media\/17324"}],"wp:attachment":[{"href":"https:\/\/hotel-heinz.de\/shop\/wp-json\/wp\/v2\/media?parent=10168"}],"wp:term":[{"taxonomy":"product_brand","embeddable":true,"href":"https:\/\/hotel-heinz.de\/shop\/wp-json\/wp\/v2\/product_brand?post=10168"},{"taxonomy":"product_cat","embeddable":true,"href":"https:\/\/hotel-heinz.de\/shop\/wp-json\/wp\/v2\/product_cat?post=10168"},{"taxonomy":"product_tag","embeddable":true,"href":"https:\/\/hotel-heinz.de\/shop\/wp-json\/wp\/v2\/product_tag?post=10168"}],"curies":[{"name":"wp","href":"https:\/\/api.w.org\/{rel}","templated":true}]}}