{"id":10172,"date":"2013-11-07T19:52:57","date_gmt":"2013-11-07T18:52:57","guid":{"rendered":"http:\/\/hotel-heinz.de\/?post_type=products&#038;p=10172"},"modified":"2026-02-18T14:28:51","modified_gmt":"2026-02-18T13:28:51","slug":"klangschalen-behandlung","status":"publish","type":"product","link":"https:\/\/hotel-heinz.de\/shop\/produkt\/klangschalen-behandlung\/","title":{"rendered":"Klangschalen-Behandlung"},"content":{"rendered":"<p>Erfahren Sie tiefe Entspannung, Ruhe und Harmonie durch eine ganz neue Art der &#8222;Massage&#8220;. Bei der Klangbehandlung nach tibetischem Vorbild werden mehrere Messing-Schalen auf Ihren K\u00f6rper gelegt und angeschlagen. Die beruhigenden und entspannenden Schwingungen wandern wie Wellen durch den ganzen K\u00f6rper. Stress wird abgebaut, Verspannungen und Blockaden werden gel\u00f6st. Erschrecken Sie bitte nicht, wenn wir Sie am Ende der Massage aufwecken&#8230; (ca. 55 Min.)<\/p>\n","protected":false},"excerpt":{"rendered":"<p>Tiefe Entspannung, Ruhe und Harmonie durch die besonderen Schwingungen tibetischer Klangschalen.<\/p>\n","protected":false},"featured_media":17250,"template":"","meta":[],"product_brand":[],"product_cat":[38],"product_tag":[],"class_list":{"0":"post-10172","1":"product","2":"type-product","3":"status-publish","4":"has-post-thumbnail","6":"product_cat-wellness-gutscheine","8":"first","9":"instock","10":"taxable","11":"shipping-taxable","12":"purchasable","13":"product-type-simple"},"_links":{"self":[{"href":"https:\/\/hotel-heinz.de\/shop\/wp-json\/wp\/v2\/product\/10172","targetHints":{"allow":["GET"]}}],"collection":[{"href":"https:\/\/hotel-heinz.de\/shop\/wp-json\/wp\/v2\/product"}],"about":[{"href":"https:\/\/hotel-heinz.de\/shop\/wp-json\/wp\/v2\/types\/product"}],"wp:featuredmedia":[{"embeddable":true,"href":"https:\/\/hotel-heinz.de\/shop\/wp-json\/wp\/v2\/media\/17250"}],"wp:attachment":[{"href":"https:\/\/hotel-heinz.de\/shop\/wp-json\/wp\/v2\/media?parent=10172"}],"wp:term":[{"taxonomy":"product_brand","embeddable":true,"href":"https:\/\/hotel-heinz.de\/shop\/wp-json\/wp\/v2\/product_brand?post=10172"},{"taxonomy":"product_cat","embeddable":true,"href":"https:\/\/hotel-heinz.de\/shop\/wp-json\/wp\/v2\/product_cat?post=10172"},{"taxonomy":"product_tag","embeddable":true,"href":"https:\/\/hotel-heinz.de\/shop\/wp-json\/wp\/v2\/product_tag?post=10172"}],"curies":[{"name":"wp","href":"https:\/\/api.w.org\/{rel}","templated":true}]}}