{"id":10181,"date":"2013-11-07T19:57:04","date_gmt":"2013-11-07T18:57:04","guid":{"rendered":"http:\/\/hotel-heinz.de\/?post_type=products&#038;p=10181"},"modified":"2026-02-18T14:28:40","modified_gmt":"2026-02-18T13:28:40","slug":"polynesia-massage-zeremoniell","status":"publish","type":"product","link":"https:\/\/hotel-heinz.de\/shop\/produkt\/polynesia-massage-zeremoniell\/","title":{"rendered":"Polynesia-Massage-Zeremoniell"},"content":{"rendered":"<p align=\"left\">\u201eLa Ora Na Maeva\u201c! So hei\u00dft man Sie auf Polynesien willkommen! Lassen Sie sich bei diesem exotischen Sch\u00f6nheitsritual verw\u00f6hnen: erst ein Peeling mit Kokosnussschalen und dem Duft nach tahitianischer Vanille, wei\u00dfem Sand aus Bora Bora und Meersalz, das Ihre Haut streichelzart macht und optimal auf die anschlie\u00dfende Massage vorbereitet. Die folgende traditionelle und kraftvolle Mahana-Massage und eine warme Sandstempelmassage schenken dem K\u00f6rper ein Gef\u00fchl von Schwerelosigkeit und entspannen die Muskulatur. Abschlie\u00dfend umh\u00fcllt das \u201eheilige \u00d6l\u201c Ihre Haut mit einem seidigen Schimmer wie nach einem sonnigen Tag am Meer. (ca. 115 Min.)<\/p>\n","protected":false},"excerpt":{"rendered":"<p>Exotisches Sch\u00f6nheitsritual, welches Sie nach Polynesien entf\u00fchrt. Mit einem Ganzk\u00f6rperpeeling, Massagen und Ein\u00f6lung.<\/p>\n","protected":false},"featured_media":30053,"template":"","meta":[],"product_brand":[],"product_cat":[38],"product_tag":[],"class_list":{"0":"post-10181","1":"product","2":"type-product","3":"status-publish","4":"has-post-thumbnail","6":"product_cat-wellness-gutscheine","8":"first","9":"instock","10":"taxable","11":"shipping-taxable","12":"purchasable","13":"product-type-simple"},"_links":{"self":[{"href":"https:\/\/hotel-heinz.de\/shop\/wp-json\/wp\/v2\/product\/10181","targetHints":{"allow":["GET"]}}],"collection":[{"href":"https:\/\/hotel-heinz.de\/shop\/wp-json\/wp\/v2\/product"}],"about":[{"href":"https:\/\/hotel-heinz.de\/shop\/wp-json\/wp\/v2\/types\/product"}],"wp:featuredmedia":[{"embeddable":true,"href":"https:\/\/hotel-heinz.de\/shop\/wp-json\/wp\/v2\/media\/30053"}],"wp:attachment":[{"href":"https:\/\/hotel-heinz.de\/shop\/wp-json\/wp\/v2\/media?parent=10181"}],"wp:term":[{"taxonomy":"product_brand","embeddable":true,"href":"https:\/\/hotel-heinz.de\/shop\/wp-json\/wp\/v2\/product_brand?post=10181"},{"taxonomy":"product_cat","embeddable":true,"href":"https:\/\/hotel-heinz.de\/shop\/wp-json\/wp\/v2\/product_cat?post=10181"},{"taxonomy":"product_tag","embeddable":true,"href":"https:\/\/hotel-heinz.de\/shop\/wp-json\/wp\/v2\/product_tag?post=10181"}],"curies":[{"name":"wp","href":"https:\/\/api.w.org\/{rel}","templated":true}]}}