{"id":10245,"date":"2013-11-07T20:27:31","date_gmt":"2013-11-07T19:27:31","guid":{"rendered":"http:\/\/hotel-heinz.de\/?post_type=products&#038;p=10245"},"modified":"2026-02-18T14:26:14","modified_gmt":"2026-02-18T13:26:14","slug":"aroma-relax-gesichtsbehandlung","status":"publish","type":"product","link":"https:\/\/hotel-heinz.de\/shop\/produkt\/aroma-relax-gesichtsbehandlung\/","title":{"rendered":"Aroma-Relax-Gesichtsbehandlung"},"content":{"rendered":"<p align=\"left\">Entspannen Sie bei diesem aromatischen Wohlgenuss f\u00fcr Ihr Gesicht: Nach einer speziell auf Ihren Hauttyp abgestimmten Abreinigung und Peeling wird ein konzentriertes Aloe Vera-Gel aufgetragen und wir verw\u00f6hnen Sie mit sanfter Massage mit warmen, dampfdurchstr\u00f6mten Kr\u00e4uterstempeln. Die W\u00e4rme bringt die Kr\u00e4uterausz\u00fcge noch intensiver in die Haut, l\u00e4sst sie ihre revitalisierende Wirkung entfalten. Anschlie\u00dfend genie\u00dfen Sie mit einer Pflegemaske die Entspannung vollends. (ca. 55 Min.)<\/p>\n","protected":false},"excerpt":{"rendered":"<p>Ein aromatischer Genuss f\u00fcr Ihr Gesicht mit warmen duftenden Kr\u00e4uterstempeln.<\/p>\n","protected":false},"featured_media":30058,"template":"","meta":[],"product_brand":[],"product_cat":[38],"product_tag":[76],"class_list":{"0":"post-10245","1":"product","2":"type-product","3":"status-publish","4":"has-post-thumbnail","6":"product_cat-wellness-gutscheine","7":"product_tag-babymoon","9":"first","10":"instock","11":"taxable","12":"shipping-taxable","13":"purchasable","14":"product-type-simple"},"_links":{"self":[{"href":"https:\/\/hotel-heinz.de\/shop\/wp-json\/wp\/v2\/product\/10245","targetHints":{"allow":["GET"]}}],"collection":[{"href":"https:\/\/hotel-heinz.de\/shop\/wp-json\/wp\/v2\/product"}],"about":[{"href":"https:\/\/hotel-heinz.de\/shop\/wp-json\/wp\/v2\/types\/product"}],"wp:featuredmedia":[{"embeddable":true,"href":"https:\/\/hotel-heinz.de\/shop\/wp-json\/wp\/v2\/media\/30058"}],"wp:attachment":[{"href":"https:\/\/hotel-heinz.de\/shop\/wp-json\/wp\/v2\/media?parent=10245"}],"wp:term":[{"taxonomy":"product_brand","embeddable":true,"href":"https:\/\/hotel-heinz.de\/shop\/wp-json\/wp\/v2\/product_brand?post=10245"},{"taxonomy":"product_cat","embeddable":true,"href":"https:\/\/hotel-heinz.de\/shop\/wp-json\/wp\/v2\/product_cat?post=10245"},{"taxonomy":"product_tag","embeddable":true,"href":"https:\/\/hotel-heinz.de\/shop\/wp-json\/wp\/v2\/product_tag?post=10245"}],"curies":[{"name":"wp","href":"https:\/\/api.w.org\/{rel}","templated":true}]}}