{"id":15266,"date":"2015-06-09T12:01:20","date_gmt":"2015-06-09T11:01:20","guid":{"rendered":"http:\/\/hotel-heinz.de\/?post_type=products&#038;p=15266"},"modified":"2026-02-18T14:25:29","modified_gmt":"2026-02-18T13:25:29","slug":"neu-waldkraft-massage","status":"publish","type":"product","link":"https:\/\/hotel-heinz.de\/shop\/produkt\/neu-waldkraft-massage\/","title":{"rendered":"Waldkraft-Ganzk\u00f6rper-Massage"},"content":{"rendered":"<p>Eine intensiv l\u00f6sende Massage mit der ganzen Kraft des Waldes: mit Hilfe verschiedener Birkenholz-St\u00e4be arbeiten wir teils ganz sanft, teils kr\u00e4ftig entlang der gro\u00dfen Muskelgruppen von R\u00fccken, Nacken, Schultern, Armen und Beinen. So werden tief liegende Verspannungen und Verh\u00e4rtungen gelockert und die Durchblutung angeregt, Bindegewebe und Faszien werden gekr\u00e4ftigt. Ein hochwertiges Massage\u00f6l mit Moosbeerenextrakt und Parakresse pflegt und gl\u00e4ttet die Haut. Diese Massage ist ideal f\u00fcr Sportler und alle, die kr\u00e4ftige Massagen sch\u00e4tzen. Auch die Behandlung von Cellulite oder Problemzonen wird durch diese Massage optimal unterst\u00fctzt.<br \/>\nGanzk\u00f6rper (ca. 65 min.)<\/p>\n","protected":false},"excerpt":{"rendered":"<p>Intensiv l\u00f6sende Massage mit der Kraft des Waldes &#8230; durch Birkenholzst\u00e4be und Moosbeerenextrakt.<\/p>\n","protected":false},"featured_media":30063,"template":"","meta":[],"product_brand":[],"product_cat":[38],"product_tag":[],"class_list":{"0":"post-15266","1":"product","2":"type-product","3":"status-publish","4":"has-post-thumbnail","6":"product_cat-wellness-gutscheine","8":"first","9":"instock","10":"taxable","11":"shipping-taxable","12":"purchasable","13":"product-type-simple"},"_links":{"self":[{"href":"https:\/\/hotel-heinz.de\/shop\/wp-json\/wp\/v2\/product\/15266","targetHints":{"allow":["GET"]}}],"collection":[{"href":"https:\/\/hotel-heinz.de\/shop\/wp-json\/wp\/v2\/product"}],"about":[{"href":"https:\/\/hotel-heinz.de\/shop\/wp-json\/wp\/v2\/types\/product"}],"wp:featuredmedia":[{"embeddable":true,"href":"https:\/\/hotel-heinz.de\/shop\/wp-json\/wp\/v2\/media\/30063"}],"wp:attachment":[{"href":"https:\/\/hotel-heinz.de\/shop\/wp-json\/wp\/v2\/media?parent=15266"}],"wp:term":[{"taxonomy":"product_brand","embeddable":true,"href":"https:\/\/hotel-heinz.de\/shop\/wp-json\/wp\/v2\/product_brand?post=15266"},{"taxonomy":"product_cat","embeddable":true,"href":"https:\/\/hotel-heinz.de\/shop\/wp-json\/wp\/v2\/product_cat?post=15266"},{"taxonomy":"product_tag","embeddable":true,"href":"https:\/\/hotel-heinz.de\/shop\/wp-json\/wp\/v2\/product_tag?post=15266"}],"curies":[{"name":"wp","href":"https:\/\/api.w.org\/{rel}","templated":true}]}}