{"id":17217,"date":"2016-12-13T19:48:51","date_gmt":"2016-12-13T18:48:51","guid":{"rendered":"https:\/\/hotel-heinz.de\/?post_type=products&#038;p=17217"},"modified":"2024-11-26T17:11:23","modified_gmt":"2024-11-26T16:11:23","slug":"romantisches-candle-light-dinner-fuer-zwei","status":"publish","type":"product","link":"https:\/\/hotel-heinz.de\/shop\/produkt\/romantisches-candle-light-dinner-fuer-zwei\/","title":{"rendered":"Candlelight Dinner f\u00fcr zwei Personen"},"content":{"rendered":"<p>Das ideale Geschenk f\u00fcr Paare: ein feines Vier-Gang Men\u00fc f\u00fcr zwei Personen in unserem Restaurant am romantisch dekorierten Tisch.<\/p>\n<p><strong>Beispiel<\/strong> f\u00fcr eine Men\u00fcauswahl&#8230; lassen Sie sich von uns \u00fcberraschen! Kerzenlicht und romantische Tischdekoration inklusive!<\/p>\n<p style=\"text-align: center\">Aperitif<\/p>\n<p style=\"text-align: center\">***<\/p>\n<p style=\"text-align: center\">Ziegenk\u00e4se mit Honig gratiniert an Mandarinen-Chutney<\/p>\n<p style=\"text-align: center\">***<\/p>\n<p style=\"text-align: center\">K\u00fcrbis-Suppe<\/p>\n<p style=\"text-align: center\">***<\/p>\n<p style=\"text-align: center\">Rumpsteak auf Caf\u00e9 de Paris-Sauce\u00a0 dazu Bohnen und Kartoffelgratin<br \/>\n<span style=\"text-decoration: underline\">oder<br \/>\n<\/span>G\u00e4nsebrust in Koriander-Chili-Sauce\u00a0mit Rotkohl und Semmelkl\u00f6\u00dfen<br \/>\n<span style=\"text-decoration: underline\">oder<br \/>\n<\/span><u>Wellness-Vital<br \/>\n<\/u>Duett von Steinbutt und Jakobsmuschel an Dijon-Senfsauce<br \/>\ndazu Thaispargel und Tagliatelle<br \/>\n<span style=\"text-decoration: underline\">oder<br \/>\n<\/span><u>Vegetarisch<br \/>\n<\/u>Ofenkartoffel mit Rote Bete-Ragout<\/p>\n<p style=\"text-align: center\">***<\/p>\n<p style=\"text-align: center\">Zimt-Panna Cotta an Kaffee-Sauce<\/p>\n","protected":false},"excerpt":{"rendered":"<p>Verschenken Sie ein feines Vier-Gang Men\u00fc f\u00fcr zwei Personen in unserem Restaurant am romantisch dekorierten Tisch.<\/p>\n","protected":false},"featured_media":17230,"template":"","meta":[],"product_brand":[],"product_cat":[37],"product_tag":[83,84,82],"class_list":{"0":"post-17217","1":"product","2":"type-product","3":"status-publish","4":"has-post-thumbnail","6":"product_cat-kulinarische-gutscheine","7":"product_tag-romantik","8":"product_tag-romantiker","9":"product_tag-valentin","11":"first","12":"instock","13":"taxable","14":"shipping-taxable","15":"purchasable","16":"product-type-simple"},"_links":{"self":[{"href":"https:\/\/hotel-heinz.de\/shop\/wp-json\/wp\/v2\/product\/17217","targetHints":{"allow":["GET"]}}],"collection":[{"href":"https:\/\/hotel-heinz.de\/shop\/wp-json\/wp\/v2\/product"}],"about":[{"href":"https:\/\/hotel-heinz.de\/shop\/wp-json\/wp\/v2\/types\/product"}],"wp:featuredmedia":[{"embeddable":true,"href":"https:\/\/hotel-heinz.de\/shop\/wp-json\/wp\/v2\/media\/17230"}],"wp:attachment":[{"href":"https:\/\/hotel-heinz.de\/shop\/wp-json\/wp\/v2\/media?parent=17217"}],"wp:term":[{"taxonomy":"product_brand","embeddable":true,"href":"https:\/\/hotel-heinz.de\/shop\/wp-json\/wp\/v2\/product_brand?post=17217"},{"taxonomy":"product_cat","embeddable":true,"href":"https:\/\/hotel-heinz.de\/shop\/wp-json\/wp\/v2\/product_cat?post=17217"},{"taxonomy":"product_tag","embeddable":true,"href":"https:\/\/hotel-heinz.de\/shop\/wp-json\/wp\/v2\/product_tag?post=17217"}],"curies":[{"name":"wp","href":"https:\/\/api.w.org\/{rel}","templated":true}]}}