{"id":17282,"date":"2017-10-17T22:06:35","date_gmt":"2017-10-17T20:06:35","guid":{"rendered":"https:\/\/hotel-heinz.de\/shop\/?post_type=product&#038;p=17282"},"modified":"2025-03-10T13:34:50","modified_gmt":"2025-03-10T12:34:50","slug":"gin-gustus-05l","status":"publish","type":"product","link":"https:\/\/hotel-heinz.de\/shop\/produkt\/gin-gustus-05l\/","title":{"rendered":"Gustus Gin aus dem Westerwald"},"content":{"rendered":"<p>Wacholder-Schnaps hat im Westerwald Tradition &#8211; wachsen die Beeren doch in der Wacholder Heide im hohen Westerwald ganz gro\u00dfartig. Was lag da also n\u00e4her als einen hauseigenen Gin zu kreieren?! Gemeinsam mit der renommierten Birkenhof Brennerei aus Nistertal im Westerwald haben\u00a0 wir also einen eigenen Gin gebrannt.<\/p>\n<p>Kr\u00e4ftige Aromen nach Grapefruit, rosa Pfeffer und nat\u00fcrlich Wacholder zeichnen ihn aus. Aber auch eine Spur Dill, Kardamom und Wei\u00dfburgunder vom eigenen Weinberg in Klotten an der Mosel wurden abdestilliert, um das Aroma zu verfeinern.<\/p>\n<p>Abgef\u00fcllt in eine mattschwarze Tonflasche (Inhalt 0,5l) aus dem Westerwald und edel etikettiert ist Gustus ein sch\u00f6nes Geschenk f\u00fcr Gin-Fans.<\/p>\n","protected":false},"excerpt":{"rendered":"<p>Unsere hauseigene Gin-Kreation mit Aromen von Wacholder, Grapefruit und Rosa Pfefferbeere. 100% Westerwald in einer hochwertigen Tonflasche aus der Region. Ein Geschenk f\u00fcr Gin-Freunde und\/oder Westerw\u00e4lder&#8230;<\/p>\n","protected":false},"featured_media":25759,"template":"","meta":[],"product_brand":[],"product_cat":[40,41],"product_tag":[],"class_list":{"0":"post-17282","1":"product","2":"type-product","3":"status-publish","4":"has-post-thumbnail","6":"product_cat-genuss-produkte","7":"product_cat-geschenk-artikel","9":"first","10":"instock","11":"taxable","12":"shipping-taxable","13":"purchasable","14":"product-type-simple"},"_links":{"self":[{"href":"https:\/\/hotel-heinz.de\/shop\/wp-json\/wp\/v2\/product\/17282","targetHints":{"allow":["GET"]}}],"collection":[{"href":"https:\/\/hotel-heinz.de\/shop\/wp-json\/wp\/v2\/product"}],"about":[{"href":"https:\/\/hotel-heinz.de\/shop\/wp-json\/wp\/v2\/types\/product"}],"wp:featuredmedia":[{"embeddable":true,"href":"https:\/\/hotel-heinz.de\/shop\/wp-json\/wp\/v2\/media\/25759"}],"wp:attachment":[{"href":"https:\/\/hotel-heinz.de\/shop\/wp-json\/wp\/v2\/media?parent=17282"}],"wp:term":[{"taxonomy":"product_brand","embeddable":true,"href":"https:\/\/hotel-heinz.de\/shop\/wp-json\/wp\/v2\/product_brand?post=17282"},{"taxonomy":"product_cat","embeddable":true,"href":"https:\/\/hotel-heinz.de\/shop\/wp-json\/wp\/v2\/product_cat?post=17282"},{"taxonomy":"product_tag","embeddable":true,"href":"https:\/\/hotel-heinz.de\/shop\/wp-json\/wp\/v2\/product_tag?post=17282"}],"curies":[{"name":"wp","href":"https:\/\/api.w.org\/{rel}","templated":true}]}}