{"id":17335,"date":"2017-11-07T18:15:59","date_gmt":"2017-11-07T16:15:59","guid":{"rendered":"https:\/\/hotel-heinz.de\/shop\/?post_type=product&#038;p=17335"},"modified":"2026-03-23T11:30:12","modified_gmt":"2026-03-23T10:30:12","slug":"day-spa-package","status":"publish","type":"product","link":"https:\/\/hotel-heinz.de\/shop\/produkt\/day-spa-package\/","title":{"rendered":"Day-Spa-Package (Montag bis Freitag)"},"content":{"rendered":"<p>Unser Day-Spa-Package inklusive:<\/p>\n<ul>\n<li>kleiner Einf\u00fchrung in den Saunabereich und alkoholfreiem Begr\u00fc\u00dfungscocktail<\/li>\n<li>Badem\u00e4ntel und Handt\u00fccher leihweise<\/li>\n<li>in unserem Poolbistro wahlweise ein leichtes Mittagessen oder eine Tasse Kaffee und Kuchen am Nachmittag oder ein Tellergericht am Abend<\/li>\n<li>Nutzung unserer Wellness-, Bade- und Saunalandschaft sowie des Fitnessstudios<\/li>\n<li>Guthaben f\u00fcr Wellness-Anwendung im Wert von 49,- \u20ac. So kann der\/die Beschenkte individuell <span style=\"text-align: left;color: #333333;line-height: 24px;text-indent: 0px;letter-spacing: normal;font-family: Georgia,'Times New Roman','Bitstream Charter',Times,serif;font-size: 16px;font-style: normal;font-variant: normal;text-decoration: none;cursor: text;float: none;background-color: transparent\">aus den rund 150 Treatments aus unserem Beauty-, Wellness- oder Physiotherapiebereich w\u00e4hlen.<\/span><\/li>\n<\/ul>\n<p>Bitte beachten:<br \/>\ndas Day-Spa Paket ist nur nach vorheriger Reservierung einl\u00f6sbar. Samstags ist unser Wellness-Bereich den Hotelg\u00e4sten vorbehalten, Wochentage, Sonntage und Feiertage sind m\u00f6glich\u00a0 &#8211; teilweise ist fr\u00fchzeitige Reservierung n\u00f6tig.<\/p>\n","protected":false},"excerpt":{"rendered":"<p>Verschenken Sie einen Wohlf\u00fchltag in der Wellness-Landschaft des Hotel Heinz! Inkl. Eintritt f\u00fcr einen Tag, Leih-Bademantel &amp; -Handt\u00fccher, Snack in der Poolbar und Fruchtcocktail und einem Guthaben f\u00fcr Wellness-Treatments im Wert von 47,00 \u20ac. So kann der Beschenkte ganz individuell ausw\u00e4hlen, was ihm\/ihr gut tut.<\/p>\n<p>&nbsp;<\/p>\n<p>Buchbar von Montag bis Donnerstag<\/p>\n","protected":false},"featured_media":30061,"template":"","meta":[],"product_brand":[],"product_cat":[38],"product_tag":[79,78,74,77],"class_list":{"0":"post-17335","1":"product","2":"type-product","3":"status-publish","4":"has-post-thumbnail","6":"product_cat-wellness-gutscheine","7":"product_tag-dayspar","8":"product_tag-daysparpaket","9":"product_tag-geschenkgutschein","10":"product_tag-saunagutschein","12":"first","13":"instock","14":"taxable","15":"shipping-taxable","16":"purchasable","17":"product-type-simple"},"_links":{"self":[{"href":"https:\/\/hotel-heinz.de\/shop\/wp-json\/wp\/v2\/product\/17335","targetHints":{"allow":["GET"]}}],"collection":[{"href":"https:\/\/hotel-heinz.de\/shop\/wp-json\/wp\/v2\/product"}],"about":[{"href":"https:\/\/hotel-heinz.de\/shop\/wp-json\/wp\/v2\/types\/product"}],"wp:featuredmedia":[{"embeddable":true,"href":"https:\/\/hotel-heinz.de\/shop\/wp-json\/wp\/v2\/media\/30061"}],"wp:attachment":[{"href":"https:\/\/hotel-heinz.de\/shop\/wp-json\/wp\/v2\/media?parent=17335"}],"wp:term":[{"taxonomy":"product_brand","embeddable":true,"href":"https:\/\/hotel-heinz.de\/shop\/wp-json\/wp\/v2\/product_brand?post=17335"},{"taxonomy":"product_cat","embeddable":true,"href":"https:\/\/hotel-heinz.de\/shop\/wp-json\/wp\/v2\/product_cat?post=17335"},{"taxonomy":"product_tag","embeddable":true,"href":"https:\/\/hotel-heinz.de\/shop\/wp-json\/wp\/v2\/product_tag?post=17335"}],"curies":[{"name":"wp","href":"https:\/\/api.w.org\/{rel}","templated":true}]}}