{"id":17337,"date":"2017-11-07T18:33:14","date_gmt":"2017-11-07T17:33:14","guid":{"rendered":"https:\/\/hotel-heinz.de\/shop\/?post_type=product&#038;p=17337"},"modified":"2025-09-18T10:40:46","modified_gmt":"2025-09-18T09:40:46","slug":"westerwaelder-wellness-tag","status":"publish","type":"product","link":"https:\/\/hotel-heinz.de\/shop\/produkt\/westerwaelder-wellness-tag\/","title":{"rendered":"Westerw\u00e4lder Wellness-Tag inkl. Day Spa"},"content":{"rendered":"<p>W\u00e4hrend der Sommerzeit liegt ein w\u00fcrziger Kr\u00e4uterduft \u00fcber dem gesamten Westerwald. Die Heilpflanzen bl\u00fchen und unter den warmen Sonnenstrahlen entwickelt sich die ganze Kraft der \u00e4therischen \u00d6le. Getrocknet und in \u00d6len konserviert kann man die Heilwirkung das ganze Jahr \u00fcber genie\u00dfen.<\/p>\n<p>Inklusive<\/p>\n<ul>\n<li>kleiner Einf\u00fchrung in den Saunabereich und alkoholfreiem Begr\u00fc\u00dfungscocktail<\/li>\n<li>Badem\u00e4ntel und Handt\u00fccher leihweise<\/li>\n<li>in unserem Poolbistro wahlweise ein leichtes Mittagessen oder eine Tasse Kaffee und Kuchen am Nachmittag oder ein Tellergericht am Abend<\/li>\n<li>Nutzung unserer Wellness-, Bade- und Saunalandschaft sowie des Fitnessstudios<\/li>\n<li>einem duftenden Kr\u00e4uter-Salz-Peeling mit zersto\u00dfenem Lavendel oder Zitronenverbene aus dem Westerwald. Bereitet die Haut optimal auf pflegende \u00d6le vor.<\/li>\n<li>einer wohltuende Basaltstein-Massage mit Kr\u00e4uter\u00f6l und angew\u00e4rmten Basaltsteinen aus der Region. L\u00e4sst sanft Verspannungen verschwinden und schenkt tiefe Ruhe.<\/li>\n<\/ul>\n<p>Die verwendeten Kr\u00e4uter stammen soweit m\u00f6glich aus eigenem Anbau.<\/p>\n<p><em>buchbar von Sonntag bis Freitag. Wir bitten um fr\u00fchzeitige Reservierung<\/em><\/p>\n","protected":false},"excerpt":{"rendered":"<p>Entdecken Sie bei einem erholsamen Tag die heimische Kr\u00e4uterwelt!<\/p>\n","protected":false},"featured_media":17243,"template":"","meta":[],"product_brand":[],"product_cat":[38],"product_tag":[71],"class_list":{"0":"post-17337","1":"product","2":"type-product","3":"status-publish","4":"has-post-thumbnail","6":"product_cat-wellness-gutscheine","7":"product_tag-westerwaldtag","9":"first","10":"instock","11":"taxable","12":"shipping-taxable","13":"purchasable","14":"product-type-simple"},"_links":{"self":[{"href":"https:\/\/hotel-heinz.de\/shop\/wp-json\/wp\/v2\/product\/17337","targetHints":{"allow":["GET"]}}],"collection":[{"href":"https:\/\/hotel-heinz.de\/shop\/wp-json\/wp\/v2\/product"}],"about":[{"href":"https:\/\/hotel-heinz.de\/shop\/wp-json\/wp\/v2\/types\/product"}],"wp:featuredmedia":[{"embeddable":true,"href":"https:\/\/hotel-heinz.de\/shop\/wp-json\/wp\/v2\/media\/17243"}],"wp:attachment":[{"href":"https:\/\/hotel-heinz.de\/shop\/wp-json\/wp\/v2\/media?parent=17337"}],"wp:term":[{"taxonomy":"product_brand","embeddable":true,"href":"https:\/\/hotel-heinz.de\/shop\/wp-json\/wp\/v2\/product_brand?post=17337"},{"taxonomy":"product_cat","embeddable":true,"href":"https:\/\/hotel-heinz.de\/shop\/wp-json\/wp\/v2\/product_cat?post=17337"},{"taxonomy":"product_tag","embeddable":true,"href":"https:\/\/hotel-heinz.de\/shop\/wp-json\/wp\/v2\/product_tag?post=17337"}],"curies":[{"name":"wp","href":"https:\/\/api.w.org\/{rel}","templated":true}]}}