{"id":17342,"date":"2017-11-07T19:25:18","date_gmt":"2017-11-07T17:25:18","guid":{"rendered":"https:\/\/hotel-heinz.de\/shop\/?post_type=product&#038;p=17342"},"modified":"2025-10-21T07:02:05","modified_gmt":"2025-10-21T06:02:05","slug":"wellness-basic-wochenende-im-doppelzimmer-basic","status":"publish","type":"product","link":"https:\/\/hotel-heinz.de\/shop\/produkt\/wellness-basic-wochenende-im-doppelzimmer-basic\/","title":{"rendered":"Wellness-Wochenende im Doppelzimmer Basic (2N\u00e4.)"},"content":{"rendered":"<p>Verschenken Sie zwei \u00dcbernachtungen f\u00fcr zwei Personen mit Halbpension:<\/p>\n<ul>\n<li>2 \u00dcbernachtungen im Zimmer der jeweiligen Kategorie \u2013 alle ausgestattet mit Minibar, Telefon, Sat-Digital-TV sowie drei Sky-Kan\u00e4le und WLAN kostenfrei<\/li>\n<li>Fr\u00fchst\u00fccksvariationen vom reichhaltigen Buffet<\/li>\n<li>Begr\u00fc\u00dfungsdrink und auf Wunsch Hausf\u00fchrung am Anreisetag<\/li>\n<li>Bademantel &amp; Frotteeschuhe auf dem Zimmer<\/li>\n<li>am Abend t\u00e4glich feines 4-Gang-Men\u00fc mit verschiedenen Hauptg\u00e4ngen zur Wahl: klassisch, vegetarisch oder Wellness-Vital<\/li>\n<li>t\u00e4gliche Nutzung der 2500 m\u00b2 Wellness-, Bade-, Sauna- und Thermenlandschaft<\/li>\n<li>Wasser &amp; Tee im Wellnessbereich kostenfrei zur Verf\u00fcgung<\/li>\n<li>Nutzung des modernen Cardio- und Fitness-Bereichs<\/li>\n<li>Teilnahme (auf Wunsch) an unserem wechselnden Vital-Programm<\/li>\n<li>Wanderkarten und Rucksack leihweise<\/li>\n<li>freie Nutzung der Hotel-Fahrr\u00e4der solange Vorrat reicht (keine E-Bikes)<\/li>\n<li>kostenfreie Parkpl\u00e4tze<\/li>\n<\/ul>\n<p>\u2026 und dazu nat\u00fcrlich unser weitl\u00e4ufiges Hotelgel\u00e4nde mit vielen gem\u00fctlichen Ecken \u201eindoor\u201c in Bibliothek, Studio Sonnenau oder Wintergarten sowie lauschigen B\u00e4nken und Pl\u00e4tzen \u201eoutdoor\u201c im Basaltgarten, Thermengarten, Thermen-Terrasse, Park, am Hotel-Teich und viele mehr.<\/p>\n<p>Der hier angegebene Preis gilt f\u00fcr 2 \u00dcbernachtungen am Wochenende f\u00fcr 2 Personen im Doppelzimmer Basic.<\/p>\n<p>Mehr zu unseren Zimmer-Kategorien finden Sie <a href=\"https:\/\/hotel-heinz.de\/zimmer-arrangements-preise\/unsere-zimmer-preise\/\" target=\"_blank\" rel=\"noopener noreferrer\">hier<\/a>.<\/p>\n","protected":false},"excerpt":{"rendered":"<p>Unsere Verw\u00f6hnpension \u201eWellness-Basic\u201c \u2013 die perfekte Basis f\u00fcr Ihren individuellen Wellness-Urlaub.<\/p>\n","protected":false},"featured_media":43038,"template":"","meta":[],"product_brand":[],"product_cat":[39,38],"product_tag":[],"class_list":{"0":"post-17342","1":"product","2":"type-product","3":"status-publish","4":"has-post-thumbnail","6":"product_cat-uebernachtungs-gutscheine","7":"product_cat-wellness-gutscheine","9":"first","10":"instock","11":"taxable","12":"shipping-taxable","13":"purchasable","14":"product-type-simple"},"_links":{"self":[{"href":"https:\/\/hotel-heinz.de\/shop\/wp-json\/wp\/v2\/product\/17342","targetHints":{"allow":["GET"]}}],"collection":[{"href":"https:\/\/hotel-heinz.de\/shop\/wp-json\/wp\/v2\/product"}],"about":[{"href":"https:\/\/hotel-heinz.de\/shop\/wp-json\/wp\/v2\/types\/product"}],"wp:featuredmedia":[{"embeddable":true,"href":"https:\/\/hotel-heinz.de\/shop\/wp-json\/wp\/v2\/media\/43038"}],"wp:attachment":[{"href":"https:\/\/hotel-heinz.de\/shop\/wp-json\/wp\/v2\/media?parent=17342"}],"wp:term":[{"taxonomy":"product_brand","embeddable":true,"href":"https:\/\/hotel-heinz.de\/shop\/wp-json\/wp\/v2\/product_brand?post=17342"},{"taxonomy":"product_cat","embeddable":true,"href":"https:\/\/hotel-heinz.de\/shop\/wp-json\/wp\/v2\/product_cat?post=17342"},{"taxonomy":"product_tag","embeddable":true,"href":"https:\/\/hotel-heinz.de\/shop\/wp-json\/wp\/v2\/product_tag?post=17342"}],"curies":[{"name":"wp","href":"https:\/\/api.w.org\/{rel}","templated":true}]}}