{"id":17345,"date":"2017-11-07T19:31:41","date_gmt":"2017-11-07T17:31:41","guid":{"rendered":"https:\/\/hotel-heinz.de\/shop\/?post_type=product&#038;p=17345"},"modified":"2025-10-21T07:01:06","modified_gmt":"2025-10-21T06:01:06","slug":"kennenlern-special-im-doppelzimmer-klassik","status":"publish","type":"product","link":"https:\/\/hotel-heinz.de\/shop\/produkt\/kennenlern-special-im-doppelzimmer-klassik\/","title":{"rendered":"Last Minute-Special im Doppelzimmer Klassik"},"content":{"rendered":"<p>\u00dcbernachtung zum Vorteilspreis &#8211; nur g\u00fcltig zu speziell von uns ausgewiesenen Terminen<\/p>\n<ul>\n<li>1 \u00dcbernachtung zum Last Minute-Termin im Zimmer der jeweiligen Kategorie<\/li>\n<li>Fr\u00fchst\u00fccksvariationen vom reichhaltigen B\u00fcffet<\/li>\n<li>Begr\u00fc\u00dfungsdrink und Hausf\u00fchrung am Anreisetag<\/li>\n<li>Bademantel auf dem Zimmer<\/li>\n<li>am Abend t\u00e4glich feines 4-Gang-Men\u00fc mit verschiedenen Hauptg\u00e4ngen zur Wahl<\/li>\n<li>t\u00e4gliche Nutzung der 2500 m\u00b2 Wellness-, Bade-,Sauna-, Thermenlandschaft<\/li>\n<li>Nutzung des Wellnessbereichs am Abreisetag bis\u00a0 18 Uhr<\/li>\n<li>Nutzung des modernen Cardio- und Fitness-Bereichs<\/li>\n<li>Teilnahme an unserem wechselnden Wellness-Vital-Programmen<\/li>\n<\/ul>\n<p>Der hier angegebene Preis gilt f\u00fcr 2 Personen im Doppelzimmer der Kategorie Klassik.<\/p>\n","protected":false},"excerpt":{"rendered":"<p>F\u00fcr Kurzentschlossene und Schn\u00e4ppchenj\u00e4ger: Unsere Angebote in letzter Minute! Besondere Sparpakete, die wir Ihnen kurzfristig liefern &#8211; Sie brauchen nur noch zuzuschlagen, Ihre Tasche zu packen und zu einem entspannenden Kurztrip anzureisen.<\/p>\n","protected":false},"featured_media":17264,"template":"","meta":[],"product_brand":[],"product_cat":[39,38],"product_tag":[],"class_list":{"0":"post-17345","1":"product","2":"type-product","3":"status-publish","4":"has-post-thumbnail","6":"product_cat-uebernachtungs-gutscheine","7":"product_cat-wellness-gutscheine","9":"first","10":"instock","11":"featured","12":"taxable","13":"shipping-taxable","14":"purchasable","15":"product-type-simple"},"_links":{"self":[{"href":"https:\/\/hotel-heinz.de\/shop\/wp-json\/wp\/v2\/product\/17345","targetHints":{"allow":["GET"]}}],"collection":[{"href":"https:\/\/hotel-heinz.de\/shop\/wp-json\/wp\/v2\/product"}],"about":[{"href":"https:\/\/hotel-heinz.de\/shop\/wp-json\/wp\/v2\/types\/product"}],"wp:featuredmedia":[{"embeddable":true,"href":"https:\/\/hotel-heinz.de\/shop\/wp-json\/wp\/v2\/media\/17264"}],"wp:attachment":[{"href":"https:\/\/hotel-heinz.de\/shop\/wp-json\/wp\/v2\/media?parent=17345"}],"wp:term":[{"taxonomy":"product_brand","embeddable":true,"href":"https:\/\/hotel-heinz.de\/shop\/wp-json\/wp\/v2\/product_brand?post=17345"},{"taxonomy":"product_cat","embeddable":true,"href":"https:\/\/hotel-heinz.de\/shop\/wp-json\/wp\/v2\/product_cat?post=17345"},{"taxonomy":"product_tag","embeddable":true,"href":"https:\/\/hotel-heinz.de\/shop\/wp-json\/wp\/v2\/product_tag?post=17345"}],"curies":[{"name":"wp","href":"https:\/\/api.w.org\/{rel}","templated":true}]}}