{"id":17346,"date":"2022-11-07T19:35:26","date_gmt":"2022-11-07T18:35:26","guid":{"rendered":"https:\/\/hotel-heinz.de\/shop\/?post_type=product&#038;p=17346"},"modified":"2025-10-21T06:56:27","modified_gmt":"2025-10-21T05:56:27","slug":"kennenlern-special-im-themenzimmer","status":"publish","type":"product","link":"https:\/\/hotel-heinz.de\/shop\/produkt\/kennenlern-special-im-themenzimmer\/","title":{"rendered":"Last Minute-Special im Themenzimmer"},"content":{"rendered":"<p>eine \u00dcbernachtung zum Vorteilspreis &#8211; nur g\u00fcltig zu speziell von uns ausgewiesenen Last Minute-Terminen<\/p>\n<ul>\n<li>1 \u00dcbernachtung zum Last Minute-Termin im Zimmer der jeweiligen Kategorie<\/li>\n<li>Fr\u00fchst\u00fccksvariationen vom reichhaltigen B\u00fcffet<\/li>\n<li>Begr\u00fc\u00dfungsdrink und Hausf\u00fchrung am Anreisetag<\/li>\n<li>Bademantel auf dem Zimmer<\/li>\n<li>am Abend t\u00e4glich feines 4-Gang-Men\u00fc mit verschiedenen Hauptg\u00e4ngen zur Wahl<\/li>\n<li>t\u00e4gliche Nutzung der 2500 m\u00b2 Wellness-, Bade-,Sauna-, Thermenlandschaft<\/li>\n<li>Nutzung des Wellnessbereichs am Abreisetag bis 18 Uhr<\/li>\n<li>Nutzung des modernen Cardio- und Fitness-Bereichs<\/li>\n<li>Teilnahme an unserem wechselnden Wellness-Vital-Programmen<\/li>\n<\/ul>\n<p>Der hier angegebene Preis gilt f\u00fcr 2 Personen im Themenzimmer.\u00a0 (Auf dem Foto ein Ausschnitt des Themenzimmers &#8222;Blaue Stunde&#8220;)<\/p>\n<p>Mehr zu unseren Zimmer-Kategorien finden Sie <a href=\"https:\/\/hotel-heinz.de\/zimmer-arrangements-preise\/unsere-zimmer-preise\/\" target=\"_blank\" rel=\"noopener noreferrer\">hier<\/a>.<\/p>\n","protected":false},"excerpt":{"rendered":"<p>F\u00fcr Kurzentschlossene und Schn\u00e4ppchenj\u00e4ger: Unsere Angebote in letzter Minute! Besondere Sparpakete, die wir Ihnen kurzfristig liefern &#8211; Sie brauchen nur noch zuzuschlagen, Ihre Tasche zu packen und zu einem entspannenden Kurztrip anzureisen.<\/p>\n","protected":false},"featured_media":17265,"template":"","meta":[],"product_brand":[],"product_cat":[39,38],"product_tag":[],"class_list":{"0":"post-17346","1":"product","2":"type-product","3":"status-publish","4":"has-post-thumbnail","6":"product_cat-uebernachtungs-gutscheine","7":"product_cat-wellness-gutscheine","9":"first","10":"instock","11":"taxable","12":"shipping-taxable","13":"purchasable","14":"product-type-simple"},"_links":{"self":[{"href":"https:\/\/hotel-heinz.de\/shop\/wp-json\/wp\/v2\/product\/17346","targetHints":{"allow":["GET"]}}],"collection":[{"href":"https:\/\/hotel-heinz.de\/shop\/wp-json\/wp\/v2\/product"}],"about":[{"href":"https:\/\/hotel-heinz.de\/shop\/wp-json\/wp\/v2\/types\/product"}],"wp:featuredmedia":[{"embeddable":true,"href":"https:\/\/hotel-heinz.de\/shop\/wp-json\/wp\/v2\/media\/17265"}],"wp:attachment":[{"href":"https:\/\/hotel-heinz.de\/shop\/wp-json\/wp\/v2\/media?parent=17346"}],"wp:term":[{"taxonomy":"product_brand","embeddable":true,"href":"https:\/\/hotel-heinz.de\/shop\/wp-json\/wp\/v2\/product_brand?post=17346"},{"taxonomy":"product_cat","embeddable":true,"href":"https:\/\/hotel-heinz.de\/shop\/wp-json\/wp\/v2\/product_cat?post=17346"},{"taxonomy":"product_tag","embeddable":true,"href":"https:\/\/hotel-heinz.de\/shop\/wp-json\/wp\/v2\/product_tag?post=17346"}],"curies":[{"name":"wp","href":"https:\/\/api.w.org\/{rel}","templated":true}]}}