{"id":17398,"date":"2017-11-09T21:36:46","date_gmt":"2017-11-09T19:36:46","guid":{"rendered":"https:\/\/hotel-heinz.de\/shop\/?post_type=product&#038;p=17398"},"modified":"2025-01-02T15:20:45","modified_gmt":"2025-01-02T14:20:45","slug":"oster-brunch-in-der-orangerie","status":"publish","type":"product","link":"https:\/\/hotel-heinz.de\/shop\/produkt\/oster-brunch-in-der-orangerie\/","title":{"rendered":"Oster-Brunch in der Orangerie"},"content":{"rendered":"<p>Verschenken Sie die Teilnahme an unserem Oster-Brunch mit vielen kulinarischen Fr\u00fchlings-Spezialit\u00e4ten in stilvollem Ambiente mit herrlichem Blick \u00fcber die Stadt am Ostersonntag\u00a0oder Ostermontag in der Zeit von 10.30 bis 14.00 Uhr<\/p>\n<ul>\n<li>gemischtes M\u00fcslib\u00fcffet<\/li>\n<li>dazu Milch und frischer Obstsalat<\/li>\n<li>gemischter Br\u00f6tchenkorb, verschiedene Brotsorten,\u00a0Croissants und Kn\u00e4ckebrot<\/li>\n<li>verschiedene Marmeladen, Honigsorten, Nusscreme,<\/li>\n<li>gemischte K\u00e4se- und Wurstsorten<\/li>\n<li>Osterzopf und Kuchen<\/li>\n<li>ger\u00e4ucherte und gebeizte Fischplatte<\/li>\n<li>R\u00fchreier, gebratener Speck und W\u00fcrstchen<\/li>\n<li>Kleine Salatauswahl<\/li>\n<li>Suppe<\/li>\n<li>verschiedene Hauptgerichte<\/li>\n<li>Verschiedene Mousse und frische Fr\u00fcchte<\/li>\n<li>Kaffee, Tee und verschiedene S\u00e4fte und\u00a0ein Glas Sekt<\/li>\n<\/ul>\n<p><em>Wie all unsere Gutscheine ist auch dieses Paket auf Wunsch vom Beschenkten in andere Leistungen unseres Hauses im gleichen Wert umtauschbar. <span style=\"color: #ff0000\">Es ist noch keine Reservierung im Gutschein-Umfang enthalten<\/span>. Ein Termin muss separat reserviert werden. Bitte auf Wunsch sp\u00e4ter beim Zahlungsvorgang im Feld \u201eBemerkungen\u201c eintragen.<\/em><\/p>\n","protected":false},"excerpt":{"rendered":"<p>Verschenken Sie die Teilnahme an unserem Oster-Brunch mit vielen kulinarischen Fr\u00fchlings-Spezialit\u00e4ten in stilvollem Ambiente mit herrlichem Blick \u00fcber die Stadt.<\/p>\n","protected":false},"featured_media":30037,"template":"","meta":[],"product_brand":[],"product_cat":[37],"product_tag":[],"class_list":{"0":"post-17398","1":"product","2":"type-product","3":"status-publish","4":"has-post-thumbnail","6":"product_cat-kulinarische-gutscheine","8":"first","9":"instock","10":"taxable","11":"shipping-taxable","12":"purchasable","13":"product-type-simple"},"_links":{"self":[{"href":"https:\/\/hotel-heinz.de\/shop\/wp-json\/wp\/v2\/product\/17398","targetHints":{"allow":["GET"]}}],"collection":[{"href":"https:\/\/hotel-heinz.de\/shop\/wp-json\/wp\/v2\/product"}],"about":[{"href":"https:\/\/hotel-heinz.de\/shop\/wp-json\/wp\/v2\/types\/product"}],"wp:featuredmedia":[{"embeddable":true,"href":"https:\/\/hotel-heinz.de\/shop\/wp-json\/wp\/v2\/media\/30037"}],"wp:attachment":[{"href":"https:\/\/hotel-heinz.de\/shop\/wp-json\/wp\/v2\/media?parent=17398"}],"wp:term":[{"taxonomy":"product_brand","embeddable":true,"href":"https:\/\/hotel-heinz.de\/shop\/wp-json\/wp\/v2\/product_brand?post=17398"},{"taxonomy":"product_cat","embeddable":true,"href":"https:\/\/hotel-heinz.de\/shop\/wp-json\/wp\/v2\/product_cat?post=17398"},{"taxonomy":"product_tag","embeddable":true,"href":"https:\/\/hotel-heinz.de\/shop\/wp-json\/wp\/v2\/product_tag?post=17398"}],"curies":[{"name":"wp","href":"https:\/\/api.w.org\/{rel}","templated":true}]}}