{"id":17406,"date":"2017-11-09T21:41:42","date_gmt":"2017-11-09T19:41:42","guid":{"rendered":"https:\/\/hotel-heinz.de\/shop\/?post_type=product&#038;p=17406"},"modified":"2025-01-14T10:14:07","modified_gmt":"2025-01-14T09:14:07","slug":"langschlaefer-fruehstueck","status":"publish","type":"product","link":"https:\/\/hotel-heinz.de\/shop\/produkt\/langschlaefer-fruehstueck\/","title":{"rendered":"Langschl\u00e4fer-Fr\u00fchst\u00fcck"},"content":{"rendered":"<p>Genie\u00dfen Sie unser erweitertes und verl\u00e4ngertes Fr\u00fchst\u00fccks-Angebot<br \/>\nvon 11.30 bis 14.00 Uhr (i.d.R. am 2. Sonntag &#8211; plus aktuelle Zusatz-Termine unter www.hotel-heinz.de\/langschlaefer-fruestueck )<\/p>\n<ul>\n<li>verschiedene Brot- und Br\u00f6tchensorten<\/li>\n<li>gemischtes M\u00fcslibuffet<\/li>\n<li>frischer Obstsalat und Fruchtauswahl<\/li>\n<li>verschiedene Marmeladen und Honigsorten<\/li>\n<li>Croissants, Hefegeb\u00e4ck und Kuchen<\/li>\n<li>gemischte K\u00e4se- und Wurstsorten sowie Aufschnitt<\/li>\n<li>R\u00fchreier, gebratener Speck und W\u00fcrstchen<\/li>\n<li>Auswahl von ger\u00e4ucherten und gebeizten Fischen<\/li>\n<li>Tomate &amp; Mozzarella mit Pesto, kleine Anti pasti Auswahl<\/li>\n<li>Gefl\u00fcgelsalat oder marinierte Rindfleischscheiben<\/li>\n<li>wechselnde Tagessuppe (wird serviert)<\/li>\n<li>zweierlei Dessert im Glas<\/li>\n<li>Geb\u00e4ckauswahl aus unserer Patisserie &#8222;S\u00fc\u00dfe Werkstatt&#8220;<\/li>\n<li>Kaffee, Tee und verschiedene S\u00e4fte<\/li>\n<li>ein Glas Sekt<\/li>\n<\/ul>\n<p>pro Person EUR 31,50<\/p>\n<p>Bitte beachten Sie, dass es sicht NICHT um einen Brunch mit warmen Speisen handelt.<\/p>\n<p><span style=\"color: #999999\"><em>Wie all unsere Gutscheine ist auch dieses Paket auf Wunsch vom Beschenkten in andere Leistungen unseres Hauses im gleichen Wert umtauschbar. Es ist noch keine Reservierung im Gutschein-Umfang enthalten, ein Termin muss separat reserviert werden.<br \/>\n<\/em><\/span><\/p>\n","protected":false},"excerpt":{"rendered":"<p>Ideal zum Verschenken: das Langschl\u00e4fer-Fr\u00fchst\u00fcck mit allerlei Leckereien &#8211; immer an festgelegten Sonntagen ab 11.30 Uhr<\/p>\n","protected":false},"featured_media":30064,"template":"","meta":[],"product_brand":[],"product_cat":[37],"product_tag":[],"class_list":{"0":"post-17406","1":"product","2":"type-product","3":"status-publish","4":"has-post-thumbnail","6":"product_cat-kulinarische-gutscheine","8":"first","9":"instock","10":"taxable","11":"shipping-taxable","12":"purchasable","13":"product-type-simple"},"_links":{"self":[{"href":"https:\/\/hotel-heinz.de\/shop\/wp-json\/wp\/v2\/product\/17406","targetHints":{"allow":["GET"]}}],"collection":[{"href":"https:\/\/hotel-heinz.de\/shop\/wp-json\/wp\/v2\/product"}],"about":[{"href":"https:\/\/hotel-heinz.de\/shop\/wp-json\/wp\/v2\/types\/product"}],"wp:featuredmedia":[{"embeddable":true,"href":"https:\/\/hotel-heinz.de\/shop\/wp-json\/wp\/v2\/media\/30064"}],"wp:attachment":[{"href":"https:\/\/hotel-heinz.de\/shop\/wp-json\/wp\/v2\/media?parent=17406"}],"wp:term":[{"taxonomy":"product_brand","embeddable":true,"href":"https:\/\/hotel-heinz.de\/shop\/wp-json\/wp\/v2\/product_brand?post=17406"},{"taxonomy":"product_cat","embeddable":true,"href":"https:\/\/hotel-heinz.de\/shop\/wp-json\/wp\/v2\/product_cat?post=17406"},{"taxonomy":"product_tag","embeddable":true,"href":"https:\/\/hotel-heinz.de\/shop\/wp-json\/wp\/v2\/product_tag?post=17406"}],"curies":[{"name":"wp","href":"https:\/\/api.w.org\/{rel}","templated":true}]}}