{"id":17415,"date":"2017-11-09T22:10:42","date_gmt":"2017-11-09T20:10:42","guid":{"rendered":"https:\/\/hotel-heinz.de\/shop\/?post_type=product&#038;p=17415"},"modified":"2026-04-13T12:34:58","modified_gmt":"2026-04-13T11:34:58","slug":"handgemachte-schokolade-zartbitter-mit-nuss-100g","status":"publish","type":"product","link":"https:\/\/hotel-heinz.de\/shop\/produkt\/handgemachte-schokolade-zartbitter-mit-nuss-100g\/","title":{"rendered":"Feine Schokolade aus unserer S\u00fc\u00dfen Werkstatt 100g"},"content":{"rendered":"<p>In unserer Patisserie &#8222;S\u00fc\u00dfe Werkstatt&#8220; fertigt unsere Konditor-Meisterin Laura K\u00f6fer mit Ihrem Team hochwertige Schokoladentafeln aus besten Rohstoffen in liebevoller Handarbeit. Feine Valrhona-Schokolade veredelt mit kandierten N\u00fcssen, Fr\u00fcchten oder feinen Gew\u00fcrzen.<\/p>\n<p><strong>Bitte haben Sie Verst\u00e4ndnis, dass wir Schokoladen und Pralinen nur im Zeitraum Oktober bis April vorr\u00e4tig haben und per Post versenden. In den warmen Monaten k\u00f6nnen wir Ihnen auf Vorbestellung Schokoladen-Produkte anfertigen, bitte kontaktieren Sie uns dazu telefonisch unter 02624-9430850 (kein Postversand).<\/strong><\/p>\n","protected":false},"excerpt":{"rendered":"<p>Handgegossene Schokoladen-Tafeln aus feinster Valrhona-Schokolade in verschiedenen Sorten.<\/p>\n","protected":false},"featured_media":47682,"template":"","meta":[],"product_brand":[],"product_cat":[40],"product_tag":[75],"class_list":{"0":"post-17415","1":"product","2":"type-product","3":"status-publish","4":"has-post-thumbnail","6":"product_cat-genuss-produkte","7":"product_tag-weihnachts-schokolade","9":"first","10":"instock","11":"taxable","12":"shipping-taxable","13":"purchasable","14":"product-type-variable"},"_links":{"self":[{"href":"https:\/\/hotel-heinz.de\/shop\/wp-json\/wp\/v2\/product\/17415","targetHints":{"allow":["GET"]}}],"collection":[{"href":"https:\/\/hotel-heinz.de\/shop\/wp-json\/wp\/v2\/product"}],"about":[{"href":"https:\/\/hotel-heinz.de\/shop\/wp-json\/wp\/v2\/types\/product"}],"wp:featuredmedia":[{"embeddable":true,"href":"https:\/\/hotel-heinz.de\/shop\/wp-json\/wp\/v2\/media\/47682"}],"wp:attachment":[{"href":"https:\/\/hotel-heinz.de\/shop\/wp-json\/wp\/v2\/media?parent=17415"}],"wp:term":[{"taxonomy":"product_brand","embeddable":true,"href":"https:\/\/hotel-heinz.de\/shop\/wp-json\/wp\/v2\/product_brand?post=17415"},{"taxonomy":"product_cat","embeddable":true,"href":"https:\/\/hotel-heinz.de\/shop\/wp-json\/wp\/v2\/product_cat?post=17415"},{"taxonomy":"product_tag","embeddable":true,"href":"https:\/\/hotel-heinz.de\/shop\/wp-json\/wp\/v2\/product_tag?post=17415"}],"curies":[{"name":"wp","href":"https:\/\/api.w.org\/{rel}","templated":true}]}}