{"id":17422,"date":"2017-11-09T22:21:12","date_gmt":"2017-11-09T20:21:12","guid":{"rendered":"https:\/\/hotel-heinz.de\/shop\/?post_type=product&#038;p=17422"},"modified":"2026-01-07T12:08:25","modified_gmt":"2026-01-07T11:08:25","slug":"hotel-heinz-bademantel","status":"publish","type":"product","link":"https:\/\/hotel-heinz.de\/shop\/produkt\/hotel-heinz-bademantel\/","title":{"rendered":"Hotel Heinz Bademantel"},"content":{"rendered":"<p>Besonders unsere Stammg\u00e4ste w\u00fcnschen sich oft einen Original Hotel-Heinz Bademantel f\u00fcr zu Hause.<\/p>\n<p>Jetzt k\u00f6nnen Sie ihn auch in unserem Online-Shop bestellen: Beste Hotel-Qualit\u00e4t an der man jahrelang Freude hat, kuschelig und ein sch\u00f6nes Andenken an den Wellness-Urlaub sowieso.<\/p>\n<p>Bitte Gr\u00f6\u00dfenangabe nicht vergessen &#8211; einfach in den Kommentartext schreiben (beige = S\/M | braun = L | grau = XL)!<\/p>\n<p>40% Polyester | 30% Baumwolle | 30% Bamboo<br \/>\n<span style=\"color: #ff0000\">Bitte beachten Sie dass beige = S\/M aktuell ausverkauft ist!!<\/span><\/p>\n","protected":false},"excerpt":{"rendered":"<p>Der Original Hotel-Heinz Bademantel f\u00fcr zu Hause! In bester Hotel-Qualit\u00e4t &#8211; kuschelig, kochfest und zu einem top Preis-Leistungsverh\u00e4ltnis.<\/p>\n","protected":false},"featured_media":25004,"template":"","meta":[],"product_brand":[],"product_cat":[41],"product_tag":[],"class_list":{"0":"post-17422","1":"product","2":"type-product","3":"status-publish","4":"has-post-thumbnail","6":"product_cat-geschenk-artikel","8":"first","9":"instock","10":"taxable","11":"shipping-taxable","12":"purchasable","13":"product-type-simple"},"_links":{"self":[{"href":"https:\/\/hotel-heinz.de\/shop\/wp-json\/wp\/v2\/product\/17422","targetHints":{"allow":["GET"]}}],"collection":[{"href":"https:\/\/hotel-heinz.de\/shop\/wp-json\/wp\/v2\/product"}],"about":[{"href":"https:\/\/hotel-heinz.de\/shop\/wp-json\/wp\/v2\/types\/product"}],"wp:featuredmedia":[{"embeddable":true,"href":"https:\/\/hotel-heinz.de\/shop\/wp-json\/wp\/v2\/media\/25004"}],"wp:attachment":[{"href":"https:\/\/hotel-heinz.de\/shop\/wp-json\/wp\/v2\/media?parent=17422"}],"wp:term":[{"taxonomy":"product_brand","embeddable":true,"href":"https:\/\/hotel-heinz.de\/shop\/wp-json\/wp\/v2\/product_brand?post=17422"},{"taxonomy":"product_cat","embeddable":true,"href":"https:\/\/hotel-heinz.de\/shop\/wp-json\/wp\/v2\/product_cat?post=17422"},{"taxonomy":"product_tag","embeddable":true,"href":"https:\/\/hotel-heinz.de\/shop\/wp-json\/wp\/v2\/product_tag?post=17422"}],"curies":[{"name":"wp","href":"https:\/\/api.w.org\/{rel}","templated":true}]}}