{"id":17424,"date":"2017-11-09T22:26:17","date_gmt":"2017-11-09T20:26:17","guid":{"rendered":"https:\/\/hotel-heinz.de\/shop\/?post_type=product&#038;p=17424"},"modified":"2020-11-11T14:25:06","modified_gmt":"2020-11-11T13:25:06","slug":"flasche-hotel-heinz-sekt-cuvee-brut-07l","status":"publish","type":"product","link":"https:\/\/hotel-heinz.de\/shop\/produkt\/flasche-hotel-heinz-sekt-cuvee-brut-07l\/","title":{"rendered":"Flasche Hotel Heinz Sekt Cuv\u00e9e br\u00fbt 0,7l"},"content":{"rendered":"<p>Verschenken Sie eine Flasche vom prickelnden Hotel Heinz Selection Sekt Cuv\u00e9e br\u00fbt &#8211; fruchtig und nicht zu trocken. Ideal als Erg\u00e4nzung zu einem Geschenk-Gutschein &#8211; so l\u00e4sst sich auf den kommenden Aufenthalt ansto\u00dfen! Oder Sie verschenken ihn als Andenken an einen sch\u00f6nen Aufenthalt bei uns. Oder Sie bestellen ihn einfach zum selbst trinken\u00a0 weil er einfach so lecker schmeckt \ud83d\ude09<\/p>\n","protected":false},"excerpt":{"rendered":"<p>Unsere prickelnde Hausmarke Sekt Selection &#8211; ideal zum Ansto\u00dfen auf den n\u00e4chsten Aufenthalt oder als Andenken an den letzten Aufenthalt.<\/p>\n","protected":false},"featured_media":25796,"template":"","meta":[],"product_brand":[],"product_cat":[40,41],"product_tag":[],"class_list":{"0":"post-17424","1":"product","2":"type-product","3":"status-publish","4":"has-post-thumbnail","6":"product_cat-genuss-produkte","7":"product_cat-geschenk-artikel","9":"first","10":"instock","11":"taxable","12":"shipping-taxable","13":"purchasable","14":"product-type-simple"},"_links":{"self":[{"href":"https:\/\/hotel-heinz.de\/shop\/wp-json\/wp\/v2\/product\/17424","targetHints":{"allow":["GET"]}}],"collection":[{"href":"https:\/\/hotel-heinz.de\/shop\/wp-json\/wp\/v2\/product"}],"about":[{"href":"https:\/\/hotel-heinz.de\/shop\/wp-json\/wp\/v2\/types\/product"}],"wp:featuredmedia":[{"embeddable":true,"href":"https:\/\/hotel-heinz.de\/shop\/wp-json\/wp\/v2\/media\/25796"}],"wp:attachment":[{"href":"https:\/\/hotel-heinz.de\/shop\/wp-json\/wp\/v2\/media?parent=17424"}],"wp:term":[{"taxonomy":"product_brand","embeddable":true,"href":"https:\/\/hotel-heinz.de\/shop\/wp-json\/wp\/v2\/product_brand?post=17424"},{"taxonomy":"product_cat","embeddable":true,"href":"https:\/\/hotel-heinz.de\/shop\/wp-json\/wp\/v2\/product_cat?post=17424"},{"taxonomy":"product_tag","embeddable":true,"href":"https:\/\/hotel-heinz.de\/shop\/wp-json\/wp\/v2\/product_tag?post=17424"}],"curies":[{"name":"wp","href":"https:\/\/api.w.org\/{rel}","templated":true}]}}