{"id":17430,"date":"2017-11-09T22:35:02","date_gmt":"2017-11-09T20:35:02","guid":{"rendered":"https:\/\/hotel-heinz.de\/shop\/?post_type=product&#038;p=17430"},"modified":"2026-03-18T12:22:32","modified_gmt":"2026-03-18T11:22:32","slug":"feine-pralinen-aus-unserer-patisserie-suesse-werkstatt","status":"publish","type":"product","link":"https:\/\/hotel-heinz.de\/shop\/produkt\/feine-pralinen-aus-unserer-patisserie-suesse-werkstatt\/","title":{"rendered":"Feine Pralinen aus unserer Patisserie &#8222;S\u00fc\u00dfe Werkstatt&#8220;"},"content":{"rendered":"<p>Konditorin Laura K\u00f6fer fertigt mit Ihrem Team feine Tr\u00fcffel- und Pralin\u00e9-Mischungen aus besten Rohstoffen wie Valrhona-Schokolade, N\u00fcssen und feinen Gew\u00fcrzen. Hergestellt nach bester Handwerkskunst und liebevoll und hochwertig verpackt. Wer sie einmal probiert hat schmeckt den Unterschied!<\/p>\n<p>Wir fertigen f\u00fcr Sie verschiedene Sorten nach Saison, einige beliebte Sorten sind immer im Angebot, zum Beispiel:\u00a0Wei\u00dfe Champagner-Tr\u00fcffel, Salz-Karamell-Tr\u00fcffel in Milchschokolade oder unsere Haus-Praline &#8222;Weinberg-Pfirsich mit Rosmarin&#8220; oder die gef\u00fcllte Gin-Praline.<\/p>\n<p><strong>Bitte haben Sie Verst\u00e4ndnis, dass wir Schokoladen und Pralinen nur im Zeitraum Oktober bis April vorr\u00e4tig haben und per Post versenden. In den warmen Monaten k\u00f6nnen wir Ihnen auf Vorbestellung Schokoladen-Produkte anfertigen, bitte kontaktieren Sie uns dazu telefonisch unter 02624-9430850 (kein Postversand).<\/strong><\/p>\n","protected":false},"excerpt":{"rendered":"<p><span style=\"float: none;background-color: transparent;color: #333333;cursor: text;font-family: Georgia,'Times New Roman','Bitstream Charter',Times,serif;font-size: 16px;font-style: normal;font-variant: normal;font-weight: 400;letter-spacing: normal;line-height: 24px;text-align: left;text-decoration: none;text-indent: 0px\">Konditorin Laura K\u00f6fer fertigt mit Ihrem Team feine Tr\u00fcffel- und Pralin\u00e9-Mischungen aus besten Rohstoffen wie Valrhona-Schokolade, N\u00fcssen und feinen Gew\u00fcrzen. Liebevoll von Hand hergestellt und in hochwertigen Geschenkkartons verpackt.<\/span> Verschiedene Sorten und Verpackungsgr\u00f6\u00dfen.<\/p>\n","protected":false},"featured_media":47681,"template":"","meta":[],"product_brand":[],"product_cat":[40,41],"product_tag":[88,75],"class_list":{"0":"post-17430","1":"product","2":"type-product","3":"status-publish","4":"has-post-thumbnail","6":"product_cat-genuss-produkte","7":"product_cat-geschenk-artikel","8":"product_tag-ostern","9":"product_tag-weihnachts-schokolade","11":"first","12":"instock","13":"featured","14":"taxable","15":"shipping-taxable","16":"purchasable","17":"product-type-variable","18":"has-default-attributes"},"_links":{"self":[{"href":"https:\/\/hotel-heinz.de\/shop\/wp-json\/wp\/v2\/product\/17430","targetHints":{"allow":["GET"]}}],"collection":[{"href":"https:\/\/hotel-heinz.de\/shop\/wp-json\/wp\/v2\/product"}],"about":[{"href":"https:\/\/hotel-heinz.de\/shop\/wp-json\/wp\/v2\/types\/product"}],"wp:featuredmedia":[{"embeddable":true,"href":"https:\/\/hotel-heinz.de\/shop\/wp-json\/wp\/v2\/media\/47681"}],"wp:attachment":[{"href":"https:\/\/hotel-heinz.de\/shop\/wp-json\/wp\/v2\/media?parent=17430"}],"wp:term":[{"taxonomy":"product_brand","embeddable":true,"href":"https:\/\/hotel-heinz.de\/shop\/wp-json\/wp\/v2\/product_brand?post=17430"},{"taxonomy":"product_cat","embeddable":true,"href":"https:\/\/hotel-heinz.de\/shop\/wp-json\/wp\/v2\/product_cat?post=17430"},{"taxonomy":"product_tag","embeddable":true,"href":"https:\/\/hotel-heinz.de\/shop\/wp-json\/wp\/v2\/product_tag?post=17430"}],"curies":[{"name":"wp","href":"https:\/\/api.w.org\/{rel}","templated":true}]}}