{"id":17487,"date":"2017-11-14T22:43:20","date_gmt":"2017-11-14T20:43:20","guid":{"rendered":"https:\/\/hotel-heinz.de\/shop\/?post_type=product&#038;p=17487"},"modified":"2024-11-26T17:09:35","modified_gmt":"2024-11-26T16:09:35","slug":"wertgutschein","status":"publish","type":"product","link":"https:\/\/hotel-heinz.de\/shop\/produkt\/wertgutschein\/","title":{"rendered":"Wertgutschein &#8211; Ihr Wunschbetrag"},"content":{"rendered":"<p>Immer eine gute Idee &#8211; unser Wertgutschein! Individuell nach Wunsch des Beschenkten einl\u00f6sbar f\u00fcr einen Restaurantbesuch, einen Hotel-Aufenthalt, einen Saunatag oder eine entspannende Wellness-Anwendung.<\/p>\n<p>Wie alle unsere Gutscheine wahlweise im Postversand als hochwertige Geschenkkarte oder als Online-Gutschein zum selbst ausdrucken. Nat\u00fcrlich auf Wunsch mit dem Namen des Beschenkten und einem pers\u00f6nlichen Gru\u00dftext versehen.<\/p>\n<p>\u00dcbrigens: auch wenn Sie sich nicht f\u00fcr den Wertgutschein, sondern f\u00fcr eines unserer anderen Pakete hier im Shop entscheiden, kann der\/die Beschenkte den Gutschein auch f\u00fcr andere Leistungen im Wert des Gutscheins einl\u00f6sen.<\/p>\n","protected":false},"excerpt":{"rendered":"<p>Immer eine gute Idee &#8211; der Wertgutschein! Individuell nach Wunsch des Beschenkten einl\u00f6sbar f\u00fcr einen Restaurantbesuch, einen Hotel-Aufenthalt oder eine entspannende Wellness-Anwendung.<\/p>\n","protected":false},"featured_media":17366,"template":"","meta":[],"product_brand":[],"product_cat":[41,37,39,38],"product_tag":[80,74],"class_list":{"0":"post-17487","1":"product","2":"type-product","3":"status-publish","4":"has-post-thumbnail","6":"product_cat-geschenk-artikel","7":"product_cat-kulinarische-gutscheine","8":"product_cat-uebernachtungs-gutscheine","9":"product_cat-wellness-gutscheine","10":"product_tag-arrangements","11":"product_tag-geschenkgutschein","13":"first","14":"instock","15":"featured","16":"purchasable","17":"product-type-simple"},"_links":{"self":[{"href":"https:\/\/hotel-heinz.de\/shop\/wp-json\/wp\/v2\/product\/17487","targetHints":{"allow":["GET"]}}],"collection":[{"href":"https:\/\/hotel-heinz.de\/shop\/wp-json\/wp\/v2\/product"}],"about":[{"href":"https:\/\/hotel-heinz.de\/shop\/wp-json\/wp\/v2\/types\/product"}],"wp:featuredmedia":[{"embeddable":true,"href":"https:\/\/hotel-heinz.de\/shop\/wp-json\/wp\/v2\/media\/17366"}],"wp:attachment":[{"href":"https:\/\/hotel-heinz.de\/shop\/wp-json\/wp\/v2\/media?parent=17487"}],"wp:term":[{"taxonomy":"product_brand","embeddable":true,"href":"https:\/\/hotel-heinz.de\/shop\/wp-json\/wp\/v2\/product_brand?post=17487"},{"taxonomy":"product_cat","embeddable":true,"href":"https:\/\/hotel-heinz.de\/shop\/wp-json\/wp\/v2\/product_cat?post=17487"},{"taxonomy":"product_tag","embeddable":true,"href":"https:\/\/hotel-heinz.de\/shop\/wp-json\/wp\/v2\/product_tag?post=17487"}],"curies":[{"name":"wp","href":"https:\/\/api.w.org\/{rel}","templated":true}]}}