{"id":17577,"date":"2017-11-30T22:11:18","date_gmt":"2017-11-30T20:11:18","guid":{"rendered":"https:\/\/hotel-heinz.de\/shop\/?post_type=product&#038;p=17577"},"modified":"2026-01-15T13:47:56","modified_gmt":"2026-01-15T12:47:56","slug":"basisches-salz-meine-base-750g","status":"publish","type":"product","link":"https:\/\/hotel-heinz.de\/shop\/produkt\/basisches-salz-meine-base-750g\/","title":{"rendered":"Basisches Salz &#8222;Meine Base&#8220; 750g"},"content":{"rendered":"<p>Das basische Badesalz von P. Jentschura ist ein sehr beliebtes Produkt bei unseren Stammg\u00e4sten, so dass wir es jetzt auch in diesen Shop eingestellt haben.<\/p>\n<div class=\"page-wrap\">\n<section class=\"content-main container block-group\">\n<div class=\"content-main--inner\">\n<div class=\"content--wrapper\">\n<div class=\"content product--details\">\n<div class=\"tab-menu--product js--tab-menu\">\n<div class=\"tab--container-list\">\n<div class=\"tab--container has--content is--active\">\n<div class=\"tab--content\">\n<div class=\"content--description\">\n<div class=\"product--description\">\n<p>Es ist zur basischen K\u00f6rperpflege mit einem pH-Wert des Badewassers von ca. 8,5 hervorragend geeignet. Verwenden Sie zum Beispiel f\u00fcr Voll-, Sitz- und Duschb\u00e4der, f\u00fcr Fu\u00df- und Handb\u00e4der sowie f\u00fcr Wickel, Sp\u00fclungen und Inhalationen. Bei uns im Hotel lernen die meisten G\u00e4ste es im Rahmen der Basisch-Mineralischen K\u00f6rperpflege im Laconium kennen.<\/p>\n<div class=\"page-wrap\">\n<section class=\"content-main container block-group\">\n<div class=\"content-main--inner\">\n<div class=\"content--wrapper\">\n<div class=\"content product--details\">\n<div class=\"tab-menu--product js--tab-menu\">\n<div class=\"tab--container-list\">\n<div class=\"tab--container has--content is--active\">\n<div class=\"tab--content\">\n<div class=\"content--description\">\n<div class=\"product--description\">\n<p>Jentschura MeineBase Basenbad bewirkt eine Selbstfettung und Reinigung der Haut und schenkt ihr Geschmeidigkeit in Vollendung.<\/p>\n<p>Mehr Infos zum Basensalz und den weiteren Produkten finden Sie auf der <a href=\"http:\/\/www.p-jentschura.com\">Homepage<\/a> von P. Jentschura.<\/p>\n<div class=\"page-wrap\">\n<section class=\"content-main container block-group\">\n<div class=\"content-main--inner\">\n<div class=\"content--wrapper\">\n<div class=\"content product--details\">\n<div class=\"tab-menu--product js--tab-menu\">\n<div class=\"tab--container-list\">\n<div class=\"tab--container has--content is--active\">\n<div class=\"tab--content\">\n<div class=\"content--description\">\n<div class=\"product--description\">\n<p>Inhaltsstoffe von MeineBase: Natriumhydrogencarbonat, Meersalz, Natriumcarbonat, nat\u00fcrliche Mineralien, Achat, Carneol, Citrin, Chrysopras, Chalcedon, Saphir, Bergkristall, Onyx<\/p>\n<p>&nbsp;<\/p>\n<p>Ohne Konservierungs-, Farb- und Duftstoffe<\/p>\n<\/div>\n<\/div>\n<\/div>\n<\/div>\n<\/div>\n<\/div>\n<\/div>\n<\/div>\n<\/div>\n<\/section>\n<\/div>\n<\/div>\n<\/div>\n<\/div>\n<\/div>\n<\/div>\n<\/div>\n<\/div>\n<\/div>\n<\/div>\n<\/section>\n<\/div>\n<\/div>\n<\/div>\n<\/div>\n<\/div>\n<\/div>\n<\/div>\n<\/div>\n<\/div>\n<\/div>\n<\/section>\n<\/div>\n","protected":false},"excerpt":{"rendered":"<p>Das beliebte Salz unserer Basisch-Mineralischen K\u00f6rperpflege f\u00fcr die Anwendung zu Hause. Zu verwenden f\u00fcr B\u00e4der, Fu\u00dfb\u00e4der, Duschpeelings, in basischen Str\u00fcmpfen und vieles mehr.<\/p>\n","protected":false},"featured_media":46990,"template":"","meta":[],"product_brand":[],"product_cat":[41],"product_tag":[],"class_list":{"0":"post-17577","1":"product","2":"type-product","3":"status-publish","4":"has-post-thumbnail","6":"product_cat-geschenk-artikel","8":"first","9":"instock","10":"taxable","11":"shipping-taxable","12":"purchasable","13":"product-type-simple"},"_links":{"self":[{"href":"https:\/\/hotel-heinz.de\/shop\/wp-json\/wp\/v2\/product\/17577","targetHints":{"allow":["GET"]}}],"collection":[{"href":"https:\/\/hotel-heinz.de\/shop\/wp-json\/wp\/v2\/product"}],"about":[{"href":"https:\/\/hotel-heinz.de\/shop\/wp-json\/wp\/v2\/types\/product"}],"wp:featuredmedia":[{"embeddable":true,"href":"https:\/\/hotel-heinz.de\/shop\/wp-json\/wp\/v2\/media\/46990"}],"wp:attachment":[{"href":"https:\/\/hotel-heinz.de\/shop\/wp-json\/wp\/v2\/media?parent=17577"}],"wp:term":[{"taxonomy":"product_brand","embeddable":true,"href":"https:\/\/hotel-heinz.de\/shop\/wp-json\/wp\/v2\/product_brand?post=17577"},{"taxonomy":"product_cat","embeddable":true,"href":"https:\/\/hotel-heinz.de\/shop\/wp-json\/wp\/v2\/product_cat?post=17577"},{"taxonomy":"product_tag","embeddable":true,"href":"https:\/\/hotel-heinz.de\/shop\/wp-json\/wp\/v2\/product_tag?post=17577"}],"curies":[{"name":"wp","href":"https:\/\/api.w.org\/{rel}","templated":true}]}}