{"id":17975,"date":"2017-12-24T12:11:00","date_gmt":"2017-12-24T10:11:00","guid":{"rendered":"https:\/\/hotel-heinz.de\/shop\/?post_type=product&#038;p=17975"},"modified":"2023-12-01T12:50:39","modified_gmt":"2023-12-01T11:50:39","slug":"cocktail-time-for-2","status":"publish","type":"product","link":"https:\/\/hotel-heinz.de\/shop\/produkt\/cocktail-time-for-2\/","title":{"rendered":"Cocktail-Time for 2"},"content":{"rendered":"<p style=\"text-align: left\" align=\"CENTER\">Genie\u00dfen Sie gemeinsam mit einem\u00a0lieben Menschen einen Drink an unserer Cocktail-Bar oder in der Lounge mit verschiedenen gem\u00fctlichen Sitzecken und Blick auf das n\u00e4chtliche H\u00f6hr-Grenzhausen. Wir servieren Ihnen zwei Cocktails oder Longdrinks nach Wahl sowie einen kleinen Snack-Etag\u00e8re mit K\u00e4se, Oliven und N\u00fcssen.<\/p>\n<p style=\"text-align: left\" align=\"CENTER\">Einl\u00f6sbar t\u00e4glich zwischen 18:00 und 24:00 Uhr.<\/p>\n","protected":false},"excerpt":{"rendered":"<p style=\"text-align: left\" align=\"CENTER\">Genie\u00dfen Sie gemeinsam mit einem\u00a0lieben Menschen einen Drink an unserer Cocktail-Bar oder in der Lounge mit verschiedenen gem\u00fctlichen Sitzecken und Blick auf das n\u00e4chtliche H\u00f6hr-Grenzhausen. Wir servieren Ihnen zwei Cocktails oder Longdrinks nach Wahl sowie einen kleinen Snack-Etag\u00e8re mit K\u00e4se, Oliven und N\u00fcssen.<\/p>\n<p style=\"text-align: left\" align=\"CENTER\">Unser Barkeeper ber\u00e4t sie gerne zur Auswahl Ihres Lieblingsdrinks.<\/p>\n<p style=\"text-align: left\" align=\"CENTER\">Einl\u00f6sbar t\u00e4glich zwischen 18.00 und 24.00 Uhr.<\/p>\n","protected":false},"featured_media":30071,"template":"","meta":[],"product_brand":[],"product_cat":[37],"product_tag":[74],"class_list":{"0":"post-17975","1":"product","2":"type-product","3":"status-publish","4":"has-post-thumbnail","6":"product_cat-kulinarische-gutscheine","7":"product_tag-geschenkgutschein","9":"first","10":"instock","11":"taxable","12":"shipping-taxable","13":"purchasable","14":"product-type-simple"},"_links":{"self":[{"href":"https:\/\/hotel-heinz.de\/shop\/wp-json\/wp\/v2\/product\/17975","targetHints":{"allow":["GET"]}}],"collection":[{"href":"https:\/\/hotel-heinz.de\/shop\/wp-json\/wp\/v2\/product"}],"about":[{"href":"https:\/\/hotel-heinz.de\/shop\/wp-json\/wp\/v2\/types\/product"}],"wp:featuredmedia":[{"embeddable":true,"href":"https:\/\/hotel-heinz.de\/shop\/wp-json\/wp\/v2\/media\/30071"}],"wp:attachment":[{"href":"https:\/\/hotel-heinz.de\/shop\/wp-json\/wp\/v2\/media?parent=17975"}],"wp:term":[{"taxonomy":"product_brand","embeddable":true,"href":"https:\/\/hotel-heinz.de\/shop\/wp-json\/wp\/v2\/product_brand?post=17975"},{"taxonomy":"product_cat","embeddable":true,"href":"https:\/\/hotel-heinz.de\/shop\/wp-json\/wp\/v2\/product_cat?post=17975"},{"taxonomy":"product_tag","embeddable":true,"href":"https:\/\/hotel-heinz.de\/shop\/wp-json\/wp\/v2\/product_tag?post=17975"}],"curies":[{"name":"wp","href":"https:\/\/api.w.org\/{rel}","templated":true}]}}