{"id":18111,"date":"2018-01-17T17:41:57","date_gmt":"2018-01-17T16:41:57","guid":{"rendered":"https:\/\/hotel-heinz.de\/shop\/?post_type=product&#038;p=18111"},"modified":"2025-01-02T15:20:39","modified_gmt":"2025-01-02T14:20:39","slug":"neujahrs-brunch-in-der-orangerie-2","status":"publish","type":"product","link":"https:\/\/hotel-heinz.de\/shop\/produkt\/neujahrs-brunch-in-der-orangerie-2\/","title":{"rendered":"Neujahrs-Brunch in der Orangerie"},"content":{"rendered":"<p>Verschenken Sie einen leckeren Start in das neue Jahr mit der Teilnahme an unserem gro\u00dfen Neujahrs-Brunch. Im stilvollen Ambiente unserer Orangerie mit herrlichem Blick \u00fcber das winterliche H\u00f6hr-Grenzhausen am Neujahrstag, 01. Januar in der Zeit von 10.30 bis 14.00 Uhr.<\/p>\n<p>Bitte beachten Sie, dass der Gutschein nicht automatisch auch eine Reservierung beinhaltet, da er auch in sp\u00e4teren Jahren oder f\u00fcr andere Hotelleistungen einl\u00f6sbar ist. Denken Sie also ggf. an rechtzeitige Vorbuchung.<\/p>\n<ul>\n<li>gemischtes M\u00fcslib\u00fcffet<\/li>\n<li>dazu Milch und frischer Obstsalat<\/li>\n<li>gemischter Br\u00f6tchenkorb, verschiedene Brotsorten,\u00a0Croissants und Kn\u00e4ckebrot<\/li>\n<li>verschiedene Marmeladen, Honigsorten, Nusscreme,<\/li>\n<li>gemischte K\u00e4se- und Wurstsorten<\/li>\n<li>ger\u00e4ucherte und gebeizte Fischplatte<\/li>\n<li>R\u00fchreier, gebratener Speck und W\u00fcrstchen<\/li>\n<li>Kleine Salatauswahl<\/li>\n<li>kr\u00e4ftige Neujahrs-Suppe<\/li>\n<li>verschiedene Hauptgerichte<\/li>\n<li>Verschiedene Mousse und frische Fr\u00fcchte<\/li>\n<li>hausgemachtes Geb\u00e4ck aus der S\u00fc\u00dfen Werkstatt<\/li>\n<li><span style=\"color: #000000\">Kaffee, Tee und verschiedene S\u00e4fte und\u00a0ein Glas Sekt<\/span><\/li>\n<\/ul>\n<p><span style=\"color: #800000\"><em>Wie all unsere Gutscheine ist auch dieses Paket auf Wunsch vom Beschenkten in andere Leistungen unseres Hauses im gleichen Wert umtauschbar.<br \/>\nEs ist noch keine Reservierung im Gutschein-Umfang enthalten. Ein Termin muss separat reserviert werden. Bitte auf Wunsch sp\u00e4ter beim Zahlungsvorgang im Feld &#8222;Bemerkungen&#8220; eintragen.<\/em><\/span><\/p>\n","protected":false},"excerpt":{"rendered":"<p>Verschenken Sie einen genussvollen Start in das Neue Jahr mit einem Brunch in der Orangerie am Neujahrs-Tag! Gro\u00dfes Fr\u00fchst\u00fccksbuffet und kalt-warme B\u00fcffet-Spezialit\u00e4ten machen auch den m\u00fcden K\u00f6rper munter.<\/p>\n","protected":false},"featured_media":17408,"template":"","meta":[],"product_brand":[],"product_cat":[37],"product_tag":[],"class_list":{"0":"post-18111","1":"product","2":"type-product","3":"status-publish","4":"has-post-thumbnail","6":"product_cat-kulinarische-gutscheine","8":"first","9":"instock","10":"taxable","11":"shipping-taxable","12":"purchasable","13":"product-type-simple"},"_links":{"self":[{"href":"https:\/\/hotel-heinz.de\/shop\/wp-json\/wp\/v2\/product\/18111","targetHints":{"allow":["GET"]}}],"collection":[{"href":"https:\/\/hotel-heinz.de\/shop\/wp-json\/wp\/v2\/product"}],"about":[{"href":"https:\/\/hotel-heinz.de\/shop\/wp-json\/wp\/v2\/types\/product"}],"wp:featuredmedia":[{"embeddable":true,"href":"https:\/\/hotel-heinz.de\/shop\/wp-json\/wp\/v2\/media\/17408"}],"wp:attachment":[{"href":"https:\/\/hotel-heinz.de\/shop\/wp-json\/wp\/v2\/media?parent=18111"}],"wp:term":[{"taxonomy":"product_brand","embeddable":true,"href":"https:\/\/hotel-heinz.de\/shop\/wp-json\/wp\/v2\/product_brand?post=18111"},{"taxonomy":"product_cat","embeddable":true,"href":"https:\/\/hotel-heinz.de\/shop\/wp-json\/wp\/v2\/product_cat?post=18111"},{"taxonomy":"product_tag","embeddable":true,"href":"https:\/\/hotel-heinz.de\/shop\/wp-json\/wp\/v2\/product_tag?post=18111"}],"curies":[{"name":"wp","href":"https:\/\/api.w.org\/{rel}","templated":true}]}}