{"id":20642,"date":"2018-12-18T13:49:51","date_gmt":"2018-12-18T12:49:51","guid":{"rendered":"https:\/\/hotel-heinz.de\/shop\/?post_type=product&#038;p=20642"},"modified":"2025-03-10T13:34:17","modified_gmt":"2025-03-10T12:34:17","slug":"gustus-gin-geschenkset","status":"publish","type":"product","link":"https:\/\/hotel-heinz.de\/shop\/produkt\/gustus-gin-geschenkset\/","title":{"rendered":"Gustus Gin-Geschenkset"},"content":{"rendered":"<p>Wacholder-Schnaps hat im Westerwald Tradition &#8211; wachsen die Beeren doch in der Wacholder Heide im Hohen Westerwald ganz gro\u00dfartig. Was lag da also n\u00e4her als einen hauseigenen Gin zu kreieren?! Gemeinsam mit der renommierten Birkenhof Brennerei aus Nistertal im Westerwald haben\u00a0 wir also einen eigenen Gin gebrannt.<\/p>\n<p>Kr\u00e4ftige Aromen nach Grapefruit, rosa Pfeffer und nat\u00fcrlich Wacholder zeichnen ihn aus. Aber auch eine Spur Dill, Kardamom und Wei\u00dfburgunder vom eigenen Weinberg in Klotten an der Mosel wurden abdestilliert, um das Aroma zu verfeinern.<\/p>\n<p>Abgef\u00fcllt in eine mattschwarze Tonflasche (Inhalt 0,5l) aus dem Westerwald und edel etikettiert ist GUSTUS ein sch\u00f6nes Geschenk f\u00fcr Gin-Fans.<\/p>\n<p>Im Geschenkset gibt es dazu zwei speziell auf diesen Gin abgestimmte Cocktail-Rezepte, getrocknete Citrus-Scheiben sowie 3 Pralinen aus unserer Patisserie &#8222;S\u00fc\u00dfe Werkstatt&#8220; (w\u00e4hrend der Sommermonate eine T\u00fcte herzhaftes K\u00e4segeb\u00e4ck). Alles verpackt in einer hochwertigen schwarzen Geschenkbox.<\/p>\n","protected":false},"excerpt":{"rendered":"<p>Unsere hauseigene Gin-Kreation mit Aromen von Wacholder, Grapefruit und Rosa Pfefferbeere. 100% Westerwald in einer hochwertigen Tonflasche aus der Region. Ein Geschenk f\u00fcr Gin-Freunde und\/oder Westerw\u00e4lder&#8230;<\/p>\n","protected":false},"featured_media":25762,"template":"","meta":[],"product_brand":[],"product_cat":[40,41],"product_tag":[],"class_list":{"0":"post-20642","1":"product","2":"type-product","3":"status-publish","4":"has-post-thumbnail","6":"product_cat-genuss-produkte","7":"product_cat-geschenk-artikel","9":"first","10":"instock","11":"featured","12":"taxable","13":"shipping-taxable","14":"purchasable","15":"product-type-simple"},"_links":{"self":[{"href":"https:\/\/hotel-heinz.de\/shop\/wp-json\/wp\/v2\/product\/20642","targetHints":{"allow":["GET"]}}],"collection":[{"href":"https:\/\/hotel-heinz.de\/shop\/wp-json\/wp\/v2\/product"}],"about":[{"href":"https:\/\/hotel-heinz.de\/shop\/wp-json\/wp\/v2\/types\/product"}],"wp:featuredmedia":[{"embeddable":true,"href":"https:\/\/hotel-heinz.de\/shop\/wp-json\/wp\/v2\/media\/25762"}],"wp:attachment":[{"href":"https:\/\/hotel-heinz.de\/shop\/wp-json\/wp\/v2\/media?parent=20642"}],"wp:term":[{"taxonomy":"product_brand","embeddable":true,"href":"https:\/\/hotel-heinz.de\/shop\/wp-json\/wp\/v2\/product_brand?post=20642"},{"taxonomy":"product_cat","embeddable":true,"href":"https:\/\/hotel-heinz.de\/shop\/wp-json\/wp\/v2\/product_cat?post=20642"},{"taxonomy":"product_tag","embeddable":true,"href":"https:\/\/hotel-heinz.de\/shop\/wp-json\/wp\/v2\/product_tag?post=20642"}],"curies":[{"name":"wp","href":"https:\/\/api.w.org\/{rel}","templated":true}]}}