{"id":25977,"date":"2021-11-01T20:28:43","date_gmt":"2021-11-01T19:28:43","guid":{"rendered":"https:\/\/hotel-heinz.de\/shop\/?post_type=product&#038;p=25977"},"modified":"2025-10-20T17:13:32","modified_gmt":"2025-10-20T16:13:32","slug":"feine-gemischte-konditor-plaetzchen","status":"publish","type":"product","link":"https:\/\/hotel-heinz.de\/shop\/produkt\/feine-gemischte-konditor-plaetzchen\/","title":{"rendered":"Feine gemischte Konditor-Pl\u00e4tzchen"},"content":{"rendered":"<p>Eine feine Mischung aus ausgew\u00e4hlten Pl\u00e4tzchen stellt unser Konditorenteam f\u00fcr Sie zusammen. Dabei werden nur hochwertige Zutaten in sorgsamer Handarbeit verarbeitet. Neben Klassikern wie Heidesand und Spritzgeb\u00e4ck gibt es andere delikate Sorten quer durch die Backstube!<\/p>\n<p>Ideal auch als kleine Aufmerksamkeit f\u00fcr Kunden, Freunde oder Mitarbeiter.<\/p>\n<p>Enth\u00e4lt N\u00fcsse und kann Spuren von anderen Allergenen enthalten.<\/p>\n","protected":false},"excerpt":{"rendered":"<p>Eine feine Mischung aus ausgew\u00e4hlten Pl\u00e4tzchen stellt unser Konditorenteam f\u00fcr Sie zusammen. Dabei werden nur hochwertige Zutaten in sorgsamer Handarbeit verarbeitet.<\/p>\n","protected":false},"featured_media":25978,"template":"","meta":[],"product_brand":[],"product_cat":[40],"product_tag":[95,94],"class_list":{"0":"post-25977","1":"product","2":"type-product","3":"status-publish","4":"has-post-thumbnail","6":"product_cat-genuss-produkte","7":"product_tag-kekse","8":"product_tag-plaetzchen","10":"first","11":"instock","12":"taxable","13":"shipping-taxable","14":"purchasable","15":"product-type-variable"},"_links":{"self":[{"href":"https:\/\/hotel-heinz.de\/shop\/wp-json\/wp\/v2\/product\/25977","targetHints":{"allow":["GET"]}}],"collection":[{"href":"https:\/\/hotel-heinz.de\/shop\/wp-json\/wp\/v2\/product"}],"about":[{"href":"https:\/\/hotel-heinz.de\/shop\/wp-json\/wp\/v2\/types\/product"}],"wp:featuredmedia":[{"embeddable":true,"href":"https:\/\/hotel-heinz.de\/shop\/wp-json\/wp\/v2\/media\/25978"}],"wp:attachment":[{"href":"https:\/\/hotel-heinz.de\/shop\/wp-json\/wp\/v2\/media?parent=25977"}],"wp:term":[{"taxonomy":"product_brand","embeddable":true,"href":"https:\/\/hotel-heinz.de\/shop\/wp-json\/wp\/v2\/product_brand?post=25977"},{"taxonomy":"product_cat","embeddable":true,"href":"https:\/\/hotel-heinz.de\/shop\/wp-json\/wp\/v2\/product_cat?post=25977"},{"taxonomy":"product_tag","embeddable":true,"href":"https:\/\/hotel-heinz.de\/shop\/wp-json\/wp\/v2\/product_tag?post=25977"}],"curies":[{"name":"wp","href":"https:\/\/api.w.org\/{rel}","templated":true}]}}