{"id":27042,"date":"2021-03-11T12:18:37","date_gmt":"2021-03-11T11:18:37","guid":{"rendered":"https:\/\/hotel-heinz.de\/shop\/?post_type=product&#038;p=27042"},"modified":"2026-03-17T12:20:15","modified_gmt":"2026-03-17T11:20:15","slug":"kleine-genuss-tuete","status":"publish","type":"product","link":"https:\/\/hotel-heinz.de\/shop\/produkt\/kleine-genuss-tuete\/","title":{"rendered":"Kleine Genuss-T\u00fcte"},"content":{"rendered":"<p>Eine sch\u00f6ne Aufmerksamkeit f\u00fcr liebe Menschen, Kunden oder Freunde ist unsere &#8222;Kleine Genuss-T\u00fcte&#8220; mit Leckereien aus eigener Herstellung:<br \/>\nPiccolo Sekt Selection 0,2l<br \/>\n1 kl. Tafel Schokolade (in der Osterzeit ein Mini-Schokohase)<br \/>\n3 Pralin\u00e9es<br \/>\n100g hausgemachtes Geb\u00e4ck<\/p>\n<p><strong><span style=\"color: #ff0000\">Bitte haben Sie Verst\u00e4ndnis, dass wir Schokoladen und Pralinen nur im Zeitraum Oktober bis April vorr\u00e4tig haben und per Post versenden. In den warmen Monaten k\u00f6nnen wir Ihnen auf Vorbestellung Schokoladen-Produkte anfertigen, bitte kontaktieren Sie uns dazu telefonisch unter 02624-9430850 (kein Postversand).<\/span><\/strong><\/p>\n","protected":false},"excerpt":{"rendered":"<p>Kleine Genuss-T\u00fcte<\/p>\n","protected":false},"featured_media":27024,"template":"","meta":[],"product_brand":[],"product_cat":[40,41],"product_tag":[89,75],"class_list":{"0":"post-27042","1":"product","2":"type-product","3":"status-publish","4":"has-post-thumbnail","6":"product_cat-genuss-produkte","7":"product_cat-geschenk-artikel","8":"product_tag-genusspaket","9":"product_tag-weihnachts-schokolade","11":"first","12":"instock","13":"featured","14":"taxable","15":"shipping-taxable","16":"purchasable","17":"product-type-simple"},"_links":{"self":[{"href":"https:\/\/hotel-heinz.de\/shop\/wp-json\/wp\/v2\/product\/27042","targetHints":{"allow":["GET"]}}],"collection":[{"href":"https:\/\/hotel-heinz.de\/shop\/wp-json\/wp\/v2\/product"}],"about":[{"href":"https:\/\/hotel-heinz.de\/shop\/wp-json\/wp\/v2\/types\/product"}],"wp:featuredmedia":[{"embeddable":true,"href":"https:\/\/hotel-heinz.de\/shop\/wp-json\/wp\/v2\/media\/27024"}],"wp:attachment":[{"href":"https:\/\/hotel-heinz.de\/shop\/wp-json\/wp\/v2\/media?parent=27042"}],"wp:term":[{"taxonomy":"product_brand","embeddable":true,"href":"https:\/\/hotel-heinz.de\/shop\/wp-json\/wp\/v2\/product_brand?post=27042"},{"taxonomy":"product_cat","embeddable":true,"href":"https:\/\/hotel-heinz.de\/shop\/wp-json\/wp\/v2\/product_cat?post=27042"},{"taxonomy":"product_tag","embeddable":true,"href":"https:\/\/hotel-heinz.de\/shop\/wp-json\/wp\/v2\/product_tag?post=27042"}],"curies":[{"name":"wp","href":"https:\/\/api.w.org\/{rel}","templated":true}]}}