{"id":30230,"date":"2022-02-03T14:51:44","date_gmt":"2022-02-03T13:51:44","guid":{"rendered":"https:\/\/hotel-heinz.de\/shop\/?post_type=product&#038;p=30230"},"modified":"2025-09-18T10:21:04","modified_gmt":"2025-09-18T09:21:04","slug":"thermentag-dem-alltag-entfliehen","status":"publish","type":"product","link":"https:\/\/hotel-heinz.de\/shop\/produkt\/thermentag-dem-alltag-entfliehen\/","title":{"rendered":"Thermentag \u2013 dem Alltag entfliehen (Montag bis Donnerstag)"},"content":{"rendered":"<div class=\"entry-meta\">Erleben Sie einen Saunatag in stilvollem Ambiente in unserer Wellness-Landschaft.<\/div>\n<div class=\"entry-content\">\n<ul>\n<li>kleine Einf\u00fchrung und alkoholfreier Begr\u00fc\u00dfungscockail in der Poolbar<\/li>\n<li>Nutzung unserer Wellness-, Bade- und Saunalandschaft sowie des Fitnesstudios<\/li>\n<li>Badem\u00e4ntel und Handt\u00fccher liegen f\u00fcr Sie bereit<\/li>\n<\/ul>\n<p><strong>Montag-Donnerstag (au\u00dfer Feiertage) pro Person ganztags 49,-\u20ac<br \/>\n<\/strong><a href=\"http:\/\/hotel-heinz.de\/gut-zu-wissen-tagesaufenthalte-in-der-wellnesslandschaft\/\" target=\"_blank\" rel=\"noopener\">Gut zu wissen, dass&#8230; <\/a><\/p>\n<\/div>\n","protected":false},"excerpt":{"rendered":"<p>Erleben Sie einen Saunatag in stilvollem Ambiente in unserer Wellness-Landschaft. kleine Einf\u00fchrung und alkoholfreier Begr\u00fc\u00dfungscockail in der Poolbar Nutzung unserer Wellness-, Bade- und Saunalandschaft sowie des Fitnesstudios Badem\u00e4ntel und Handt\u00fccher liegen f\u00fcr Sie bereit Montag-Donnerstag (au\u00dfer Feiertage) pro Person ganztags 49,-\u20ac Gut zu wissen, dass&#8230;<\/p>\n","protected":false},"featured_media":30078,"template":"","meta":[],"product_brand":[],"product_cat":[38],"product_tag":[110,109,111,114,115,113,112,106,107,108],"class_list":{"0":"post-30230","1":"product","2":"type-product","3":"status-publish","4":"has-post-thumbnail","6":"product_cat-wellness-gutscheine","7":"product_tag-aromasauna","8":"product_tag-biosauna","9":"product_tag-caldarium","10":"product_tag-erdsauna","11":"product_tag-infrarot-kabine","12":"product_tag-kraeuter-sauna-bio-sauna","13":"product_tag-laconium","14":"product_tag-sauna","15":"product_tag-saunatag","16":"product_tag-therme","18":"first","19":"instock","20":"featured","21":"purchasable","22":"product-type-simple"},"_links":{"self":[{"href":"https:\/\/hotel-heinz.de\/shop\/wp-json\/wp\/v2\/product\/30230","targetHints":{"allow":["GET"]}}],"collection":[{"href":"https:\/\/hotel-heinz.de\/shop\/wp-json\/wp\/v2\/product"}],"about":[{"href":"https:\/\/hotel-heinz.de\/shop\/wp-json\/wp\/v2\/types\/product"}],"wp:featuredmedia":[{"embeddable":true,"href":"https:\/\/hotel-heinz.de\/shop\/wp-json\/wp\/v2\/media\/30078"}],"wp:attachment":[{"href":"https:\/\/hotel-heinz.de\/shop\/wp-json\/wp\/v2\/media?parent=30230"}],"wp:term":[{"taxonomy":"product_brand","embeddable":true,"href":"https:\/\/hotel-heinz.de\/shop\/wp-json\/wp\/v2\/product_brand?post=30230"},{"taxonomy":"product_cat","embeddable":true,"href":"https:\/\/hotel-heinz.de\/shop\/wp-json\/wp\/v2\/product_cat?post=30230"},{"taxonomy":"product_tag","embeddable":true,"href":"https:\/\/hotel-heinz.de\/shop\/wp-json\/wp\/v2\/product_tag?post=30230"}],"curies":[{"name":"wp","href":"https:\/\/api.w.org\/{rel}","templated":true}]}}