{"id":43078,"date":"2025-03-31T10:20:30","date_gmt":"2025-03-31T09:20:30","guid":{"rendered":"https:\/\/hotel-heinz.de\/shop\/?post_type=product&#038;p=43078"},"modified":"2025-03-31T10:27:35","modified_gmt":"2025-03-31T09:27:35","slug":"kurz-mal-weg-special-im-doppelzimmer-basic","status":"publish","type":"product","link":"https:\/\/hotel-heinz.de\/shop\/produkt\/kurz-mal-weg-special-im-doppelzimmer-basic\/","title":{"rendered":"Kurz mal weg Special im Doppelzimmer Basic"},"content":{"rendered":"<p>G\u00f6nnen Sie sich eine kleine Auszeit vom Alltag mit Sauna, Spa und gutem Essen! Ohne weite Anreise und zum attraktiven Preis. Ideal als Geschenk, f\u00fcr den Urlaub zwischendurch oder zum Kennenlernen. Als kleines Goodie ist die Nutzung des Spa-Bereichs am Abreisetag bis 18.00 Uhr kostenfrei inkludiert.<\/p>\n<ul>\n<li>\u00dcbernachtung im Zimmer der jeweiligen Kategorie<\/li>\n<li>Fr\u00fchst\u00fccksvariationen vom reichhaltigen B\u00fcffet<\/li>\n<li>Begr\u00fc\u00dfungsdrink und Hausf\u00fchrung am Anreisetag<\/li>\n<li>Bademantel auf dem Zimmer<\/li>\n<li>am Abend t\u00e4glich feines 4-Gang-Men\u00fc mit verschiedenen Hauptg\u00e4ngen zur Wahl<\/li>\n<li>t\u00e4gliche Nutzung der 2500 m\u00b2 Wellness-, Bade-,Sauna-, Thermenlandschaft<\/li>\n<li>Nutzung des Wellnessbereichs am Abreisetag bis 18 Uhr<\/li>\n<li>Nutzung des modernen Cardio- und Fitness-Bereichs<\/li>\n<li>Teilnahme an unserem wechselnden Wellness-Vital-Programmen<\/li>\n<\/ul>\n<p>Der hier angegebene Preis gilt f\u00fcr 2 Personen im Doppelzimmer der Kategorie Basic. Nur buchbar von Sonntag &#8211; Donnerstag.<\/p>\n","protected":false},"excerpt":{"rendered":"<p>G\u00f6nnen Sie sich eine kleine Auszeit vom Alltag mit Sauna, Spa und gutem Essen! Ohne weite Anreise und zum attraktiven Preis. Ideal als Geschenk, f\u00fcr den Urlaub zwischendurch oder zum Kennenlernen. Als kleines Goodie ist die Nutzung des Spa-Bereichs am Abreisetag bis 18.00 Uhr kostenfrei inkludiert.<\/p>\n","protected":false},"featured_media":43038,"template":"","meta":[],"product_brand":[],"product_cat":[39,38],"product_tag":[],"class_list":{"0":"post-43078","1":"product","2":"type-product","3":"status-publish","4":"has-post-thumbnail","6":"product_cat-uebernachtungs-gutscheine","7":"product_cat-wellness-gutscheine","9":"first","10":"instock","11":"taxable","12":"shipping-taxable","13":"purchasable","14":"product-type-simple"},"_links":{"self":[{"href":"https:\/\/hotel-heinz.de\/shop\/wp-json\/wp\/v2\/product\/43078","targetHints":{"allow":["GET"]}}],"collection":[{"href":"https:\/\/hotel-heinz.de\/shop\/wp-json\/wp\/v2\/product"}],"about":[{"href":"https:\/\/hotel-heinz.de\/shop\/wp-json\/wp\/v2\/types\/product"}],"wp:featuredmedia":[{"embeddable":true,"href":"https:\/\/hotel-heinz.de\/shop\/wp-json\/wp\/v2\/media\/43038"}],"wp:attachment":[{"href":"https:\/\/hotel-heinz.de\/shop\/wp-json\/wp\/v2\/media?parent=43078"}],"wp:term":[{"taxonomy":"product_brand","embeddable":true,"href":"https:\/\/hotel-heinz.de\/shop\/wp-json\/wp\/v2\/product_brand?post=43078"},{"taxonomy":"product_cat","embeddable":true,"href":"https:\/\/hotel-heinz.de\/shop\/wp-json\/wp\/v2\/product_cat?post=43078"},{"taxonomy":"product_tag","embeddable":true,"href":"https:\/\/hotel-heinz.de\/shop\/wp-json\/wp\/v2\/product_tag?post=43078"}],"curies":[{"name":"wp","href":"https:\/\/api.w.org\/{rel}","templated":true}]}}