{"id":9026,"date":"2012-09-25T20:31:19","date_gmt":"2012-09-25T19:31:19","guid":{"rendered":"http:\/\/hotel-heinz.de\/?post_type=products&#038;p=9026"},"modified":"2026-02-18T14:29:48","modified_gmt":"2026-02-18T13:29:48","slug":"wellness-massage","status":"publish","type":"product","link":"https:\/\/hotel-heinz.de\/shop\/produkt\/wellness-massage\/","title":{"rendered":"Wellness-Massage"},"content":{"rendered":"<p>Genie\u00dfen Sie eine wohltuende und entspannende R\u00fcckenmassage mit duftendem Orangen\u00f6l. Verspannungen werden sanft gel\u00f6st und das innere Wohlbefinden steigt. Auf Wunsch tragen wir zum Abschluss ein vitalisierendes Tonic auf, um die Poren zu schlie\u00dfen und sie sanft zu erfrischen. (ca. 25 Min.)<\/p>\n","protected":false},"excerpt":{"rendered":"<p>Entspannende R\u00fcckenmassage mit duftendem Orangen\u00f6l.<\/p>\n","protected":false},"featured_media":17321,"template":"","meta":[],"product_brand":[],"product_cat":[38],"product_tag":[],"class_list":{"0":"post-9026","1":"product","2":"type-product","3":"status-publish","4":"has-post-thumbnail","6":"product_cat-wellness-gutscheine","8":"first","9":"instock","10":"taxable","11":"shipping-taxable","12":"purchasable","13":"product-type-simple"},"_links":{"self":[{"href":"https:\/\/hotel-heinz.de\/shop\/wp-json\/wp\/v2\/product\/9026","targetHints":{"allow":["GET"]}}],"collection":[{"href":"https:\/\/hotel-heinz.de\/shop\/wp-json\/wp\/v2\/product"}],"about":[{"href":"https:\/\/hotel-heinz.de\/shop\/wp-json\/wp\/v2\/types\/product"}],"wp:featuredmedia":[{"embeddable":true,"href":"https:\/\/hotel-heinz.de\/shop\/wp-json\/wp\/v2\/media\/17321"}],"wp:attachment":[{"href":"https:\/\/hotel-heinz.de\/shop\/wp-json\/wp\/v2\/media?parent=9026"}],"wp:term":[{"taxonomy":"product_brand","embeddable":true,"href":"https:\/\/hotel-heinz.de\/shop\/wp-json\/wp\/v2\/product_brand?post=9026"},{"taxonomy":"product_cat","embeddable":true,"href":"https:\/\/hotel-heinz.de\/shop\/wp-json\/wp\/v2\/product_cat?post=9026"},{"taxonomy":"product_tag","embeddable":true,"href":"https:\/\/hotel-heinz.de\/shop\/wp-json\/wp\/v2\/product_tag?post=9026"}],"curies":[{"name":"wp","href":"https:\/\/api.w.org\/{rel}","templated":true}]}}